{"id":6840,"date":"2016-08-31T16:52:52","date_gmt":"2016-08-31T16:52:52","guid":{"rendered":"http:\/\/colegioapumanque.cl\/apumanque\/?page_id=6840"},"modified":"2016-08-31T21:17:14","modified_gmt":"2016-08-31T21:17:14","slug":"mision-vision","status":"publish","type":"page","link":"http:\/\/colegioapumanque.cl\/apumanque\/mision-vision\/","title":{"rendered":"Mision &#8211; Vision"},"content":{"rendered":"<div id=\"pl-6840\"  class=\"panel-layout\" ><div id=\"pg-6840-0\"  class=\"panel-grid panel-no-style\" ><div id=\"pgc-6840-0-0\"  class=\"panel-grid-cell panel-grid-cell-empty\" ><\/div><\/div><div id=\"pg-6840-1\"  class=\"panel-grid panel-has-style\" ><div class=\"panel-row-style panel-row-style-for-6840-1\" ><div id=\"pgc-6840-1-0\"  class=\"panel-grid-cell\" ><div id=\"panel-6840-1-0-0\" class=\"so-panel widget widget_heading panel-first-child\" data-index=\"0\" ><div class=\"thim-widget-heading thim-widget-heading-base\"><div class=\"sc_heading text-left\"><h3 class=\"title\">Nuestra<span class=\"thim-color\"> Misi\u00f3n<\/span><\/h3><span class=\"line\"><\/span><\/div><\/div><\/div><div id=\"panel-6840-1-0-1\" class=\"so-panel widget widget_text panel-last-child\" data-index=\"1\" >\t\t\t<div class=\"textwidget\"><p style=\"text-align: justify;\">Brindar una educaci\u00f3n que permita descubrir y estimular las capacidades, habilidades y destrezas que contribuyan al desarrollo integral de los alumnos y alumnas.<\/p>\n<\/div>\n\t\t<\/div><\/div><div id=\"pgc-6840-1-1\"  class=\"panel-grid-cell\" ><div id=\"panel-6840-1-1-0\" class=\"so-panel widget widget_heading panel-first-child\" data-index=\"2\" ><div class=\"thim-widget-heading thim-widget-heading-base\"><div class=\"sc_heading text-left\"><h3 class=\"title\">Nuestra<span class=\"thim-color\"> Visi\u00f3n<\/span><\/h3><span class=\"line\"><\/span><\/div><\/div><\/div><div id=\"panel-6840-1-1-1\" class=\"so-panel widget widget_text panel-last-child\" data-index=\"3\" >\t\t\t<div class=\"textwidget\"><p style=\"text-align: justify;\">Ser reconocidos como una instituci\u00f3n que contribuye a la formaci\u00f3n de personas aut\u00f3nomas, creativas, con una s\u00f3lida orientaci\u00f3n val\u00f3rica, sustentada en la excelencia acad\u00e9mica.<\/p>\n<\/div>\n\t\t<\/div><\/div><\/div><\/div><\/div>","protected":false},"excerpt":{"rendered":"<p>Brindar una educaci\u00f3n que permita descubrir y estimular las capacidades, habilidades y destrezas que contribuyan al desarrollo integral de los alumnos y alumnas. Ser reconocidos como una instituci\u00f3n que contribuye a la formaci\u00f3n de personas aut\u00f3nomas, creativas, con una s\u00f3lida [&hellip;]<\/p>\n","protected":false},"author":1,"featured_media":0,"parent":0,"menu_order":0,"comment_status":"closed","ping_status":"closed","template":"","meta":[],"_links":{"self":[{"href":"http:\/\/colegioapumanque.cl\/apumanque\/wp-json\/wp\/v2\/pages\/6840"}],"collection":[{"href":"http:\/\/colegioapumanque.cl\/apumanque\/wp-json\/wp\/v2\/pages"}],"about":[{"href":"http:\/\/colegioapumanque.cl\/apumanque\/wp-json\/wp\/v2\/types\/page"}],"author":[{"embeddable":true,"href":"http:\/\/colegioapumanque.cl\/apumanque\/wp-json\/wp\/v2\/users\/1"}],"replies":[{"embeddable":true,"href":"http:\/\/colegioapumanque.cl\/apumanque\/wp-json\/wp\/v2\/comments?post=6840"}],"version-history":[{"count":3,"href":"http:\/\/colegioapumanque.cl\/apumanque\/wp-json\/wp\/v2\/pages\/6840\/revisions"}],"predecessor-version":[{"id":6844,"href":"http:\/\/colegioapumanque.cl\/apumanque\/wp-json\/wp\/v2\/pages\/6840\/revisions\/6844"}],"wp:attachment":[{"href":"http:\/\/colegioapumanque.cl\/apumanque\/wp-json\/wp\/v2\/media?parent=6840"}],"curies":[{"name":"wp","href":"https:\/\/api.w.org\/{rel}","templated":true}]}}