{"id":6896,"date":"2016-09-01T13:01:28","date_gmt":"2016-09-01T13:01:28","guid":{"rendered":"http:\/\/colegioapumanque.cl\/apumanque\/?page_id=6896"},"modified":"2026-04-13T18:38:38","modified_gmt":"2026-04-13T18:38:38","slug":"normativas-y-reglamentos","status":"publish","type":"page","link":"http:\/\/colegioapumanque.cl\/apumanque\/normativas-y-reglamentos\/","title":{"rendered":"Normativas y Reglamentos"},"content":{"rendered":"<div id=\"pl-6896\"  class=\"panel-layout\" ><div id=\"pg-6896-0\"  class=\"panel-grid panel-no-style\" ><div id=\"pgc-6896-0-0\"  class=\"panel-grid-cell\" ><div id=\"panel-6896-0-0-0\" class=\"so-panel widget widget_heading panel-first-child\" data-index=\"0\" ><div class=\"thim-widget-heading thim-widget-heading-base\"><div class=\"sc_heading text-left\"><h3 class=\"title\">Informaciones<\/h3><span class=\"line\"><\/span><\/div><\/div><\/div><div id=\"panel-6896-0-0-1\" class=\"so-panel widget widget_text panel-last-child\" data-index=\"1\" ><h3 class=\"widget-title\">INFORMACIONES COLEGIO APUMANQUE DE LA CALERA<\/h3>\t\t\t<div class=\"textwidget\"><\/div>\n\t\t<\/div><\/div><div id=\"pgc-6896-0-1\"  class=\"panel-grid-cell panel-grid-cell-empty panel-grid-cell-mobile-last\" ><\/div><div id=\"pgc-6896-0-2\"  class=\"panel-grid-cell panel-grid-cell-empty\" ><\/div><\/div><div id=\"pg-6896-1\"  class=\"panel-grid panel-no-style\" ><div id=\"pgc-6896-1-0\"  class=\"panel-grid-cell\" ><div id=\"panel-6896-1-0-0\" class=\"so-panel widget widget_heading panel-first-child panel-last-child\" data-index=\"2\" ><div class=\"thim-widget-heading thim-widget-heading-base\"><div class=\"sc_heading text-left\"><h3 class=\"title\">Normativas y Reglamentos<\/h3><span class=\"line\"><\/span><\/div><\/div><\/div><\/div><div id=\"pgc-6896-1-1\"  class=\"panel-grid-cell panel-grid-cell-empty panel-grid-cell-mobile-last\" ><\/div><div id=\"pgc-6896-1-2\"  class=\"panel-grid-cell panel-grid-cell-empty\" ><\/div><\/div><div id=\"pg-6896-2\"  class=\"panel-grid panel-has-style\" ><div class=\"panel-row-style panel-row-style-for-6896-2\" ><div id=\"pgc-6896-2-0\"  class=\"panel-grid-cell\" ><div id=\"panel-6896-2-0-0\" class=\"so-panel widget widget_button panel-first-child\" data-index=\"3\" ><div class=\"thim-widget-button thim-widget-button-base\"><a class=\"widget-button  small custom_style\" href=\"http:\/\/colegioapumanque.cl\/apumanque\/wp-content\/uploads\/2025\/09\/Reglamento-Interno-04-de-septiembre-2025-v2.pdf\" target=\"_blank\" style=\"font-size: 12px;font-weight: normal;color: #000000;border-color: #ffffff;background-color: #cccccc;\" data-hover=\"font-size: 12px;font-weight: normal;color: #333333;border-color: #ffffff;background-color: #e2e2e2;\"><i class=\"fa fa-angle-right\" style=\"font-size: 14px;\"><\/i> REGLAMENTO INTERNO COLEGIO APUMANQUE<\/a><\/div><\/div><div id=\"panel-6896-2-0-1\" class=\"so-panel widget widget_button\" data-index=\"4\" ><div class=\"thim-widget-button thim-widget-button-base\"><a class=\"widget-button  small custom_style\" href=\"http:\/\/colegioapumanque.cl\/apumanque\/wp-content\/uploads\/2026\/04\/PROTOCOLO-DE-REGULACION-Y-PROHIBICION-DEL-USO-DE-DISPOSITIVOS-MOVILES-2026.pdf\" target=\"_blank\" style=\"font-size: 12px;font-weight: normal;color: #000000;border-color: #ffffff;background-color: #cccccc;\" data-hover=\"font-size: 12px;font-weight: normal;color: #333333;border-color: #ffffff;background-color: #e2e2e2;\"><i class=\"fa fa-angle-right\" style=\"font-size: 14px;\"><\/i> PROTOCOLO DE REGULACI\u00d3N Y PROHIBICI\u00d3N DEL USO DE DISPOSITIVOS M\u00d3VILES<\/a><\/div><\/div><div id=\"panel-6896-2-0-2\" class=\"so-panel widget widget_button\" data-index=\"5\" ><div class=\"thim-widget-button thim-widget-button-base\"><a class=\"widget-button  small custom_style\" href=\"http:\/\/colegioapumanque.cl\/apumanque\/wp-content\/uploads\/2025\/09\/REGLAMENTO-DE-BECAS-2025.pdf\" target=\"_blank\" style=\"font-size: 12px;font-weight: normal;color: #000000;border-color: #ffffff;background-color: #cccccc;\" data-hover=\"font-size: 12px;font-weight: normal;color: #333333;border-color: #ffffff;background-color: #e2e2e2;\"><i class=\"fa fa-angle-right\" style=\"font-size: 14px;\"><\/i> REGLAMENTO DE BECAS A\u00d1O 2025 - COLEGIO APUMANQUE<\/a><\/div><\/div><div id=\"panel-6896-2-0-3\" class=\"so-panel widget widget_button\" data-index=\"6\" ><div class=\"thim-widget-button thim-widget-button-base\"><a class=\"widget-button  small custom_style\" href=\"http:\/\/colegioapumanque.cl\/apumanque\/wp-content\/uploads\/2024\/07\/PLAN-ESPECIFICO-DE-CONTROL-DE-RIESGOS-Y-RESPUESTA-CONTRA-EMERGENCIAS-EN-LABORATORIO-DE-CIENCIAS-2024.pdf\" target=\"_blank\" style=\"font-size: 12px;font-weight: normal;color: #000000;border-color: #ffffff;background-color: #cccccc;\" data-hover=\"font-size: 12px;font-weight: normal;color: #333333;border-color: #ffffff;background-color: #e2e2e2;\"><i class=\"fa fa-angle-right\" style=\"font-size: 14px;\"><\/i> PLAN ESPEC\u00cdFICO DE CONTROL DE RIESGOS Y RESPUESTA CONTRA EMERGENCIAS EN LABORATORIO DE CIENCIAS 2024<\/a><\/div><\/div><div id=\"panel-6896-2-0-4\" class=\"so-panel widget widget_button\" data-index=\"7\" ><div class=\"thim-widget-button thim-widget-button-base\"><a class=\"widget-button  small custom_style\" href=\"http:\/\/colegioapumanque.cl\/apumanque\/wp-content\/uploads\/2024\/07\/PROTOCOLO-PARA-EL-RECONOCIMIENTO-DE-IDENTIDAD-DE-GENERO-2024.pdf\" target=\"_blank\" style=\"font-size: 12px;font-weight: normal;color: #000000;border-color: #ffffff;background-color: #cccccc;\" data-hover=\"font-size: 12px;font-weight: normal;color: #333333;border-color: #ffffff;background-color: #e2e2e2;\"><i class=\"fa fa-angle-right\" style=\"font-size: 14px;\"><\/i> PROTOCOLO PARA EL RECONOCIMIENTO DE IDENTIDAD DE G\u00c9NERO<\/a><\/div><\/div><div id=\"panel-6896-2-0-5\" class=\"so-panel widget widget_button\" data-index=\"8\" ><div class=\"thim-widget-button thim-widget-button-base\"><a class=\"widget-button  small custom_style\" href=\"http:\/\/colegioapumanque.cl\/apumanque\/wp-content\/uploads\/2024\/07\/PROTOCOLO-DE-SALUD-MENTAL-DE-PREVENCION-DE-CONDUCTAS-SUICIDAS-Y-OTRAS-AUTOLESIVAS-2024.pdf\" target=\"_blank\" style=\"font-size: 12px;font-weight: normal;color: #000000;border-color: #ffffff;background-color: #cccccc;\" data-hover=\"font-size: 12px;font-weight: normal;color: #333333;border-color: #ffffff;background-color: #e2e2e2;\"><i class=\"fa fa-angle-right\" style=\"font-size: 14px;\"><\/i> PROTOCOLO DE SALUD MENTAL, DE PREVENCI\u00d3N DE CONDUCTAS SUICIDAS Y OTRAS AUTOLESIVAS 2024<\/a><\/div><\/div><div id=\"panel-6896-2-0-6\" class=\"so-panel widget widget_button\" data-index=\"9\" ><div class=\"thim-widget-button thim-widget-button-base\"><a class=\"widget-button  small custom_style\" href=\"http:\/\/colegioapumanque.cl\/apumanque\/wp-content\/uploads\/2024\/07\/PROTOCOLO-DE-ACCION-ANTE-LA-DESREGULACION-EMOCIONAL-EN-ESTUDIANTES-CON-DIAGNOSTICO-DE-TRASTORNO-DEL-ESPECTRO-AUTISTA-TEA-2024.pdf\" target=\"_blank\" style=\"font-size: 12px;font-weight: normal;color: #000000;border-color: #ffffff;background-color: #cccccc;\" data-hover=\"font-size: 12px;font-weight: normal;color: #333333;border-color: #ffffff;background-color: #e2e2e2;\"><i class=\"fa fa-angle-right\" style=\"font-size: 14px;\"><\/i> PROTOCOLO DE ACCI\u00d3N ANTE LA DESREGULACI\u00d3N EMOCIONAL EN ESTUDIANTES CON DIAGN\u00d3STICO DE TRASTORNO DEL ESPECTRO AUTISTA, TEA 2024<\/a><\/div><\/div><div id=\"panel-6896-2-0-7\" class=\"so-panel widget widget_button panel-last-child\" data-index=\"10\" ><div class=\"thim-widget-button thim-widget-button-base\"><a class=\"widget-button  small custom_style\" href=\"http:\/\/colegioapumanque.cl\/apumanque\/wp-content\/uploads\/2024\/12\/Comunicado-Ley-Karin.pdf\" target=\"_blank\" style=\"font-size: 12px;font-weight: normal;color: #000000;border-color: #ffffff;background-color: #cccccc;\" data-hover=\"font-size: 12px;font-weight: normal;color: #333333;border-color: #ffffff;background-color: #e2e2e2;\"><i class=\"fa fa-angle-right\" style=\"font-size: 14px;\"><\/i> COMUNICADO LEY N\u00b021.643<\/a><\/div><\/div><\/div><\/div><\/div><\/div>","protected":false},"excerpt":{"rendered":"<p>InformacionesINFORMACIONES COLEGIO APUMANQUE DE LA CALERA\t\t\t<br \/>\n\t\tNormativas y Reglamentos REGLAMENTO INTERNO COLEGIO APUMANQUE PROTOCOLO DE REGULACI\u00d3N Y PROHIBICI\u00d3N DEL USO DE DISPOSITIVOS M\u00d3VILES REGLAMENTO DE BECAS A\u00d1O 2025 &#8211; COLEGIO APUMANQUE PLAN ESPEC\u00cdFICO DE CONTROL DE RIESGOS Y RESPUESTA CONTRA <\/p>\n","protected":false},"author":1,"featured_media":0,"parent":0,"menu_order":0,"comment_status":"closed","ping_status":"closed","template":"","meta":[],"_links":{"self":[{"href":"http:\/\/colegioapumanque.cl\/apumanque\/wp-json\/wp\/v2\/pages\/6896"}],"collection":[{"href":"http:\/\/colegioapumanque.cl\/apumanque\/wp-json\/wp\/v2\/pages"}],"about":[{"href":"http:\/\/colegioapumanque.cl\/apumanque\/wp-json\/wp\/v2\/types\/page"}],"author":[{"embeddable":true,"href":"http:\/\/colegioapumanque.cl\/apumanque\/wp-json\/wp\/v2\/users\/1"}],"replies":[{"embeddable":true,"href":"http:\/\/colegioapumanque.cl\/apumanque\/wp-json\/wp\/v2\/comments?post=6896"}],"version-history":[{"count":131,"href":"http:\/\/colegioapumanque.cl\/apumanque\/wp-json\/wp\/v2\/pages\/6896\/revisions"}],"predecessor-version":[{"id":9535,"href":"http:\/\/colegioapumanque.cl\/apumanque\/wp-json\/wp\/v2\/pages\/6896\/revisions\/9535"}],"wp:attachment":[{"href":"http:\/\/colegioapumanque.cl\/apumanque\/wp-json\/wp\/v2\/media?parent=6896"}],"curies":[{"name":"wp","href":"https:\/\/api.w.org\/{rel}","templated":true}]}}