{"id":6911,"date":"2016-09-01T13:20:32","date_gmt":"2016-09-01T13:20:32","guid":{"rendered":"http:\/\/colegioapumanque.cl\/apumanque\/?page_id=6911"},"modified":"2016-10-07T22:02:52","modified_gmt":"2016-10-07T22:02:52","slug":"orientacion","status":"publish","type":"page","link":"http:\/\/colegioapumanque.cl\/apumanque\/orientacion\/","title":{"rendered":"Orientaci\u00f3n"},"content":{"rendered":"<div id=\"pl-6911\"  class=\"panel-layout\" ><div id=\"pg-6911-0\"  class=\"panel-grid panel-no-style\" ><div id=\"pgc-6911-0-0\"  class=\"panel-grid-cell panel-grid-cell-empty\" ><\/div><\/div><div id=\"pg-6911-1\"  class=\"panel-grid panel-has-style\" ><div class=\"panel-row-style panel-row-style-for-6911-1\" ><div id=\"pgc-6911-1-0\"  class=\"panel-grid-cell\" ><div id=\"panel-6911-1-0-0\" class=\"so-panel widget widget_text panel-first-child panel-last-child\" data-index=\"0\" >\t\t\t<div class=\"textwidget\"><p style=\"text-align: justify;\">El Departamento pretende colaborar con la comunidad escolar en las diferentes dificultades presentadas por nuestros estudiantes, en el \u00e1mbito acad\u00e9mico, conductual y emocional, as\u00ed como,  organizar y gestionar asuntos propios del desarrollo del proceso de elecci\u00f3n vocacional, preparando a los estudiantes para enfrentar desaf\u00edos que la vida moderna exige. Lo anterior y el acompa\u00f1amiento en cada etapa del desarrollo que requieren los estudiantes se realizan mediante actividades espec\u00edficas, proyectos, programas y clases de orientaci\u00f3n.   <\/p>\n<\/div>\n\t\t<\/div><\/div><div id=\"pgc-6911-1-1\"  class=\"panel-grid-cell\" ><div id=\"panel-6911-1-1-0\" class=\"so-panel widget widget_single-images panel-first-child panel-last-child\" data-index=\"1\" ><div class=\"thim-widget-single-images thim-widget-single-images-base\"><div class=\"single-image text-left\"><img src =\"http:\/\/colegioapumanque.cl\/apumanque\/wp-content\/uploads\/2016\/09\/img-orientacion.jpg\"  alt=\"\"\/><\/div><\/div><\/div><\/div><\/div><\/div><\/div>","protected":false},"excerpt":{"rendered":"<p>El Departamento pretende colaborar con la comunidad escolar en las diferentes dificultades presentadas por nuestros estudiantes, en el \u00e1mbito acad\u00e9mico, conductual y emocional, as\u00ed como, organizar y gestionar asuntos propios del desarrollo del proceso de elecci\u00f3n vocacional, preparando a los [&hellip;]<\/p>\n","protected":false},"author":1,"featured_media":0,"parent":0,"menu_order":0,"comment_status":"closed","ping_status":"closed","template":"","meta":[],"_links":{"self":[{"href":"http:\/\/colegioapumanque.cl\/apumanque\/wp-json\/wp\/v2\/pages\/6911"}],"collection":[{"href":"http:\/\/colegioapumanque.cl\/apumanque\/wp-json\/wp\/v2\/pages"}],"about":[{"href":"http:\/\/colegioapumanque.cl\/apumanque\/wp-json\/wp\/v2\/types\/page"}],"author":[{"embeddable":true,"href":"http:\/\/colegioapumanque.cl\/apumanque\/wp-json\/wp\/v2\/users\/1"}],"replies":[{"embeddable":true,"href":"http:\/\/colegioapumanque.cl\/apumanque\/wp-json\/wp\/v2\/comments?post=6911"}],"version-history":[{"count":2,"href":"http:\/\/colegioapumanque.cl\/apumanque\/wp-json\/wp\/v2\/pages\/6911\/revisions"}],"predecessor-version":[{"id":6917,"href":"http:\/\/colegioapumanque.cl\/apumanque\/wp-json\/wp\/v2\/pages\/6911\/revisions\/6917"}],"wp:attachment":[{"href":"http:\/\/colegioapumanque.cl\/apumanque\/wp-json\/wp\/v2\/media?parent=6911"}],"curies":[{"name":"wp","href":"https:\/\/api.w.org\/{rel}","templated":true}]}}