{"id":7000,"date":"2016-09-01T21:47:44","date_gmt":"2016-09-01T21:47:44","guid":{"rendered":"http:\/\/colegioapumanque.cl\/apumanque\/?page_id=7000"},"modified":"2016-10-07T19:44:47","modified_gmt":"2016-10-07T19:44:47","slug":"educacion-parvularia","status":"publish","type":"page","link":"http:\/\/colegioapumanque.cl\/apumanque\/educacion-parvularia\/","title":{"rendered":"Educaci\u00f3n Parvularia"},"content":{"rendered":"<div id=\"pl-7000\"  class=\"panel-layout\" ><div id=\"pg-7000-0\"  class=\"panel-grid panel-no-style\" ><div id=\"pgc-7000-0-0\"  class=\"panel-grid-cell panel-grid-cell-empty\" ><\/div><\/div><div id=\"pg-7000-1\"  class=\"panel-grid panel-has-style\" ><div class=\"panel-row-style panel-row-style-for-7000-1\" ><div id=\"pgc-7000-1-0\"  class=\"panel-grid-cell\" ><div id=\"panel-7000-1-0-0\" class=\"so-panel widget widget_heading panel-first-child\" data-index=\"0\" ><div class=\"thim-widget-heading thim-widget-heading-base\"><div class=\"sc_heading text-left\"><h3 class=\"title\">Educaci\u00f3n <span class=\"thim-color\"> Parvularia<\/span><\/h3><span class=\"line\"><\/span><\/div><\/div><\/div><div id=\"panel-7000-1-0-1\" class=\"so-panel widget widget_text panel-last-child\" data-index=\"1\" >\t\t\t<div class=\"textwidget\"><p style=\"text-align: justify;\">La Educaci\u00f3n Parvularia es el nivel educativo que atiende integralmente a ni\u00f1os y ni\u00f1as hasta su ingreso a la educaci\u00f3n b\u00e1sica. Su prop\u00f3sito es favorecer de manera sistem\u00e1tica, oportuna y pertinente el desarrollo integral y aprendizajes relevantes y significativos en los p\u00e1rvulos, de acuerdo a las bases curriculares que se determinen en conformidad a esta ley, apoyando a la familia en su rol insustituible de primera educadora.<\/p>\n<\/div>\n\t\t<\/div><\/div><div id=\"pgc-7000-1-1\"  class=\"panel-grid-cell\" ><div id=\"panel-7000-1-1-0\" class=\"so-panel widget widget_single-images panel-first-child panel-last-child\" data-index=\"2\" ><div class=\"thim-widget-single-images thim-widget-single-images-base\"><div class=\"single-image text-left\"><img src =\"http:\/\/colegioapumanque.cl\/apumanque\/wp-content\/uploads\/2016\/09\/img-educacion-parvularia.jpg\"  alt=\"\"\/><\/div><\/div><\/div><\/div><\/div><\/div><\/div>","protected":false},"excerpt":{"rendered":"<p>La Educaci\u00f3n Parvularia es el nivel educativo que atiende integralmente a ni\u00f1os y ni\u00f1as hasta su ingreso a la educaci\u00f3n b\u00e1sica. Su prop\u00f3sito es favorecer de manera sistem\u00e1tica, oportuna y pertinente el desarrollo integral y aprendizajes relevantes y significativos en [&hellip;]<\/p>\n","protected":false},"author":1,"featured_media":0,"parent":0,"menu_order":0,"comment_status":"closed","ping_status":"closed","template":"","meta":[],"_links":{"self":[{"href":"http:\/\/colegioapumanque.cl\/apumanque\/wp-json\/wp\/v2\/pages\/7000"}],"collection":[{"href":"http:\/\/colegioapumanque.cl\/apumanque\/wp-json\/wp\/v2\/pages"}],"about":[{"href":"http:\/\/colegioapumanque.cl\/apumanque\/wp-json\/wp\/v2\/types\/page"}],"author":[{"embeddable":true,"href":"http:\/\/colegioapumanque.cl\/apumanque\/wp-json\/wp\/v2\/users\/1"}],"replies":[{"embeddable":true,"href":"http:\/\/colegioapumanque.cl\/apumanque\/wp-json\/wp\/v2\/comments?post=7000"}],"version-history":[{"count":2,"href":"http:\/\/colegioapumanque.cl\/apumanque\/wp-json\/wp\/v2\/pages\/7000\/revisions"}],"predecessor-version":[{"id":7039,"href":"http:\/\/colegioapumanque.cl\/apumanque\/wp-json\/wp\/v2\/pages\/7000\/revisions\/7039"}],"wp:attachment":[{"href":"http:\/\/colegioapumanque.cl\/apumanque\/wp-json\/wp\/v2\/media?parent=7000"}],"curies":[{"name":"wp","href":"https:\/\/api.w.org\/{rel}","templated":true}]}}