{"id":7003,"date":"2016-09-01T21:49:23","date_gmt":"2016-09-01T21:49:23","guid":{"rendered":"http:\/\/colegioapumanque.cl\/apumanque\/?page_id=7003"},"modified":"2016-10-07T19:46:33","modified_gmt":"2016-10-07T19:46:33","slug":"educacion-basica","status":"publish","type":"page","link":"http:\/\/colegioapumanque.cl\/apumanque\/educacion-basica\/","title":{"rendered":"Educaci\u00f3n B\u00e1sica"},"content":{"rendered":"<div id=\"pl-7003\"  class=\"panel-layout\" ><div id=\"pg-7003-0\"  class=\"panel-grid panel-no-style\" ><div id=\"pgc-7003-0-0\"  class=\"panel-grid-cell panel-grid-cell-empty\" ><\/div><\/div><div id=\"pg-7003-1\"  class=\"panel-grid panel-has-style\" ><div class=\"panel-row-style panel-row-style-for-7003-1\" ><div id=\"pgc-7003-1-0\"  class=\"panel-grid-cell\" ><div id=\"panel-7003-1-0-0\" class=\"so-panel widget widget_heading panel-first-child\" data-index=\"0\" ><div class=\"thim-widget-heading thim-widget-heading-base\"><div class=\"sc_heading text-left\"><h3 class=\"title\">Educaci\u00f3n <span class=\"thim-color\"> B\u00e1sica<\/span><\/h3><span class=\"line\"><\/span><\/div><\/div><\/div><div id=\"panel-7003-1-0-1\" class=\"so-panel widget widget_text panel-last-child\" data-index=\"1\" >\t\t\t<div class=\"textwidget\"><p style=\"text-align: justify;\">La Educaci\u00f3n B\u00e1sica es el nivel educacional que se orienta hacia la formaci\u00f3n integral de los alumnos y alumnas, en sus dimensiones f\u00edsica, afectiva, cognitiva, social, cultural, moral y espiritual, desarrollando sus capacidades de acuerdo a los conocimientos, habilidades y actitudes definidos en las bases curriculares que se determinen en conformidad a esta ley, y que les permiten continuar el proceso educativo formal.<\/p>\n<\/div>\n\t\t<\/div><\/div><div id=\"pgc-7003-1-1\"  class=\"panel-grid-cell\" ><div id=\"panel-7003-1-1-0\" class=\"so-panel widget widget_single-images panel-first-child panel-last-child\" data-index=\"2\" ><div class=\"thim-widget-single-images thim-widget-single-images-base\"><div class=\"single-image text-left\"><img src =\"http:\/\/colegioapumanque.cl\/apumanque\/wp-content\/uploads\/2016\/09\/img-educacion-basica.jpg\"  alt=\"\"\/><\/div><\/div><\/div><\/div><\/div><\/div><\/div>","protected":false},"excerpt":{"rendered":"<p>La Educaci\u00f3n B\u00e1sica es el nivel educacional que se orienta hacia la formaci\u00f3n integral de los alumnos y alumnas, en sus dimensiones f\u00edsica, afectiva, cognitiva, social, cultural, moral y espiritual, desarrollando sus capacidades de acuerdo a los conocimientos, habilidades y [&hellip;]<\/p>\n","protected":false},"author":1,"featured_media":0,"parent":0,"menu_order":0,"comment_status":"closed","ping_status":"closed","template":"","meta":[],"_links":{"self":[{"href":"http:\/\/colegioapumanque.cl\/apumanque\/wp-json\/wp\/v2\/pages\/7003"}],"collection":[{"href":"http:\/\/colegioapumanque.cl\/apumanque\/wp-json\/wp\/v2\/pages"}],"about":[{"href":"http:\/\/colegioapumanque.cl\/apumanque\/wp-json\/wp\/v2\/types\/page"}],"author":[{"embeddable":true,"href":"http:\/\/colegioapumanque.cl\/apumanque\/wp-json\/wp\/v2\/users\/1"}],"replies":[{"embeddable":true,"href":"http:\/\/colegioapumanque.cl\/apumanque\/wp-json\/wp\/v2\/comments?post=7003"}],"version-history":[{"count":3,"href":"http:\/\/colegioapumanque.cl\/apumanque\/wp-json\/wp\/v2\/pages\/7003\/revisions"}],"predecessor-version":[{"id":7036,"href":"http:\/\/colegioapumanque.cl\/apumanque\/wp-json\/wp\/v2\/pages\/7003\/revisions\/7036"}],"wp:attachment":[{"href":"http:\/\/colegioapumanque.cl\/apumanque\/wp-json\/wp\/v2\/media?parent=7003"}],"curies":[{"name":"wp","href":"https:\/\/api.w.org\/{rel}","templated":true}]}}