{"id":7092,"date":"2016-10-07T19:51:50","date_gmt":"2016-10-07T19:51:50","guid":{"rendered":"http:\/\/colegioapumanque.cl\/apumanque\/?page_id=7092"},"modified":"2016-10-07T19:54:46","modified_gmt":"2016-10-07T19:54:46","slug":"consejo-escolar","status":"publish","type":"page","link":"http:\/\/colegioapumanque.cl\/apumanque\/consejo-escolar\/","title":{"rendered":"Consejo Escolar"},"content":{"rendered":"<div id=\"pl-7092\"  class=\"panel-layout\" ><div id=\"pg-7092-0\"  class=\"panel-grid panel-no-style\" ><div id=\"pgc-7092-0-0\"  class=\"panel-grid-cell panel-grid-cell-empty\" ><\/div><\/div><div id=\"pg-7092-1\"  class=\"panel-grid panel-has-style\" ><div class=\"panel-row-style panel-row-style-for-7092-1\" ><div id=\"pgc-7092-1-0\"  class=\"panel-grid-cell\" ><div id=\"panel-7092-1-0-0\" class=\"so-panel widget widget_text panel-first-child panel-last-child\" data-index=\"0\" >\t\t\t<div class=\"textwidget\"><p>El Consejo Escolar constituye la instancia en la cual se re\u00fanen y participan representantes de los distintos actores que componen la comunidad educativa, apoderados, estudiantes, docentes y asistentes de la educaci\u00f3n. Estos podr\u00e1n, a trav\u00e9s de sus representantes, informarse, proponer y opinar sobre materias relevantes para el mejoramiento de la calidad de la educaci\u00f3n en sus establecimientos.<\/p>\n<\/div>\n\t\t<\/div><\/div><div id=\"pgc-7092-1-1\"  class=\"panel-grid-cell\" ><div id=\"panel-7092-1-1-0\" class=\"so-panel widget widget_single-images panel-first-child panel-last-child\" data-index=\"1\" ><div class=\"thim-widget-single-images thim-widget-single-images-base\"><div class=\"single-image text-left\"><img src =\"http:\/\/colegioapumanque.cl\/apumanque\/wp-content\/uploads\/2016\/09\/img-psicopedagogia3.jpg\"  alt=\"\"\/><\/div><\/div><\/div><\/div><\/div><\/div><\/div>","protected":false},"excerpt":{"rendered":"<p>El Consejo Escolar constituye la instancia en la cual se re\u00fanen y participan representantes de los distintos actores que componen la comunidad educativa, apoderados, estudiantes, docentes y asistentes de la educaci\u00f3n. Estos podr\u00e1n, a trav\u00e9s de sus representantes, informarse, proponer [&hellip;]<\/p>\n","protected":false},"author":1,"featured_media":0,"parent":0,"menu_order":0,"comment_status":"closed","ping_status":"closed","template":"","meta":[],"_links":{"self":[{"href":"http:\/\/colegioapumanque.cl\/apumanque\/wp-json\/wp\/v2\/pages\/7092"}],"collection":[{"href":"http:\/\/colegioapumanque.cl\/apumanque\/wp-json\/wp\/v2\/pages"}],"about":[{"href":"http:\/\/colegioapumanque.cl\/apumanque\/wp-json\/wp\/v2\/types\/page"}],"author":[{"embeddable":true,"href":"http:\/\/colegioapumanque.cl\/apumanque\/wp-json\/wp\/v2\/users\/1"}],"replies":[{"embeddable":true,"href":"http:\/\/colegioapumanque.cl\/apumanque\/wp-json\/wp\/v2\/comments?post=7092"}],"version-history":[{"count":3,"href":"http:\/\/colegioapumanque.cl\/apumanque\/wp-json\/wp\/v2\/pages\/7092\/revisions"}],"predecessor-version":[{"id":7095,"href":"http:\/\/colegioapumanque.cl\/apumanque\/wp-json\/wp\/v2\/pages\/7092\/revisions\/7095"}],"wp:attachment":[{"href":"http:\/\/colegioapumanque.cl\/apumanque\/wp-json\/wp\/v2\/media?parent=7092"}],"curies":[{"name":"wp","href":"https:\/\/api.w.org\/{rel}","templated":true}]}}