{"id":8496,"date":"2021-12-10T17:12:47","date_gmt":"2021-12-10T17:12:47","guid":{"rendered":"http:\/\/colegioapumanque.cl\/apumanque\/?page_id=8496"},"modified":"2025-12-01T19:18:31","modified_gmt":"2025-12-01T19:18:31","slug":"informacion-documentos-matriculas-ano-escolar-2026","status":"publish","type":"page","link":"http:\/\/colegioapumanque.cl\/apumanque\/informacion-documentos-matriculas-ano-escolar-2026\/","title":{"rendered":"Informaci\u00f3n y documentos &#8211; Matr\u00edculas a\u00f1o escolar 2026"},"content":{"rendered":"<div id=\"pl-8496\"  class=\"panel-layout\" ><div id=\"pg-8496-0\"  class=\"panel-grid panel-no-style\" ><div id=\"pgc-8496-0-0\"  class=\"panel-grid-cell\" ><div id=\"panel-8496-0-0-0\" class=\"so-panel widget widget_text panel-first-child\" data-index=\"0\" >\t\t\t<div class=\"textwidget\"><p>Estimados Padres y Apoderados, junto con saludar y esperando que se encuentren bien, les recordamos que desde el 09 al 18 de diciembre se abrir\u00e1 el proceso dematr\u00edculaa\u00f1o escolar 2026, debiendo considerar asistir el d\u00eda que se ha calendarizado para los respectivos cursos. De igual forma, se recuerda que, si tiene m\u00e1s de un hijo y\/o hija en nuestro Colegio, podr\u00e1 realizar lamatr\u00edculade todos o todas el d\u00eda que corresponda matricular al estudiante menor.<\/p>\n<p>De igual manera, les recordamos que deben traer los siguientes documentos:<\/p>\n<p>-Certificado de nacimiento actualizado de su hijo y\/o hija<\/p>\n<p>-Fotocopia de la C\u00e9dula de Identidad (por ambos lados) del apoderado o apoderada.<\/p>\n<p>Por \u00faltimo, es importante considerar que es requisito para poder matricular tener <strong>regularizados los pagos por colegiatura 2025<\/strong>, considerando que de no regularizar \u00e9stos Ud. libera el cupo de su hijo y\/o hija.<\/p>\n<p>Le saluda cordialmente,<\/p>\n<p><strong>CORPORACI\u00d3N EDUCACIONAL APUMANQUE<\/strong><\/p>\n<\/div>\n\t\t<\/div><div id=\"panel-8496-0-0-1\" class=\"so-panel widget widget_button\" data-index=\"1\" ><div class=\"thim-widget-button thim-widget-button-base\"><a class=\"widget-button  normal\" href=\"http:\/\/colegioapumanque.cl\/apumanque\/wp-content\/uploads\/2025\/12\/FICHA-MATRICULA-CORPORACION-EDUCACIONAL-APUMANQUE-2026.pdf\" style=\"\" data-hover=\"\">FICHA DE MATR\u00cdCULA A\u00d1O ESCOLAR 2026<\/a><\/div><\/div><div id=\"panel-8496-0-0-2\" class=\"so-panel widget widget_button\" data-index=\"2\" ><div class=\"thim-widget-button thim-widget-button-base\"><a class=\"widget-button  normal\" href=\"http:\/\/colegioapumanque.cl\/apumanque\/wp-content\/uploads\/2025\/12\/FICHA-DE-SALUD-ESTUDIANTE-ANO-ESCOLAR-2026.pdf\" style=\"\" data-hover=\"\">FICHA DE SALUD ESTUDIANTE A\u00d1O ESCOLAR 2026<\/a><\/div><\/div><div id=\"panel-8496-0-0-3\" class=\"so-panel widget widget_button panel-last-child\" data-index=\"3\" ><div class=\"thim-widget-button thim-widget-button-base\"><a class=\"widget-button  normal\" href=\"http:\/\/colegioapumanque.cl\/apumanque\/wp-content\/uploads\/2025\/12\/fecha-de-matricula-2026.pdf\" style=\"\" data-hover=\"\">FECHAS DE MATR\u00cdCULAS<\/a><\/div><\/div><\/div><\/div><\/div>","protected":false},"excerpt":{"rendered":"<p>Estimados Padres y Apoderados, junto con saludar y esperando que se encuentren bien, les recordamos que desde el 09 al 18 de diciembre se abrir\u00e1 el proceso dematr\u00edculaa\u00f1o escolar 2026, debiendo considerar asistir el d\u00eda que se ha calendarizado para [&hellip;]<\/p>\n","protected":false},"author":1,"featured_media":0,"parent":0,"menu_order":0,"comment_status":"closed","ping_status":"closed","template":"","meta":[],"_links":{"self":[{"href":"http:\/\/colegioapumanque.cl\/apumanque\/wp-json\/wp\/v2\/pages\/8496"}],"collection":[{"href":"http:\/\/colegioapumanque.cl\/apumanque\/wp-json\/wp\/v2\/pages"}],"about":[{"href":"http:\/\/colegioapumanque.cl\/apumanque\/wp-json\/wp\/v2\/types\/page"}],"author":[{"embeddable":true,"href":"http:\/\/colegioapumanque.cl\/apumanque\/wp-json\/wp\/v2\/users\/1"}],"replies":[{"embeddable":true,"href":"http:\/\/colegioapumanque.cl\/apumanque\/wp-json\/wp\/v2\/comments?post=8496"}],"version-history":[{"count":36,"href":"http:\/\/colegioapumanque.cl\/apumanque\/wp-json\/wp\/v2\/pages\/8496\/revisions"}],"predecessor-version":[{"id":9489,"href":"http:\/\/colegioapumanque.cl\/apumanque\/wp-json\/wp\/v2\/pages\/8496\/revisions\/9489"}],"wp:attachment":[{"href":"http:\/\/colegioapumanque.cl\/apumanque\/wp-json\/wp\/v2\/media?parent=8496"}],"curies":[{"name":"wp","href":"https:\/\/api.w.org\/{rel}","templated":true}]}}