{"id":9517,"date":"2026-02-26T16:10:57","date_gmt":"2026-02-26T16:10:57","guid":{"rendered":"http:\/\/colegioapumanque.cl\/apumanque\/?page_id=9517"},"modified":"2026-02-26T16:10:57","modified_gmt":"2026-02-26T16:10:57","slug":"bienvenida-ano-escolar-2026","status":"publish","type":"page","link":"http:\/\/colegioapumanque.cl\/apumanque\/bienvenida-ano-escolar-2026\/","title":{"rendered":"Bienvenida a\u00f1o escolar 2026"},"content":{"rendered":"<div id=\"pl-9517\"  class=\"panel-layout\" ><div id=\"pg-9517-0\"  class=\"panel-grid panel-no-style\" ><div id=\"pgc-9517-0-0\"  class=\"panel-grid-cell\" ><div id=\"panel-9517-0-0-0\" class=\"so-panel widget widget_text panel-first-child panel-last-child\" data-index=\"0\" ><h3 class=\"widget-title\">Bienvenida a\u00f1o escolar 2026<\/h3>\t\t\t<div class=\"textwidget\"><p style=\"font-weight: 400;\">Queridas familias, junto con saludar y esperando que hayan tenido un buen periodo de descanso, queremos darles la m\u00e1s cordial bienvenida a este a\u00f1o escolar 2026. Esperamos que Uds. y sus hijas e hijos puedan tener un exitoso a\u00f1o acad\u00e9mico, para lo cual es imprescindible el compromiso de todos los actores: estudiantes, padres y apoderados, y el colegio.<\/p>\n<p style=\"font-weight: 400;\">Ahora bien, en el marco del inicio de clases informamos que \u00e9ste se encuentra programado para el mi\u00e9rcoles 04 de marzo y los horarios para este primer d\u00eda son los siguientes:<\/p>\n<table style=\"font-weight: 400;\">\n<tbody>\n<tr>\n<td width=\"245\"><strong>CURSOS<\/strong><\/td>\n<td width=\"245\"><strong>ENTRADA<\/strong><\/td>\n<td width=\"245\"><strong>SALIDA<\/strong><\/td>\n<\/tr>\n<tr>\n<td width=\"245\">1\u00b0 a 4\u00b0 a\u00f1o de E. Media<\/td>\n<td width=\"245\">08:30<\/td>\n<td width=\"245\">10:45<\/td>\n<\/tr>\n<tr>\n<td width=\"245\">Pre-k\u00ednder y K\u00ednder Manque<\/td>\n<td width=\"245\">09:00<\/td>\n<td width=\"245\">10:00<\/td>\n<\/tr>\n<tr>\n<td width=\"245\">4\u00b0 a 8\u00b0 a\u00f1o de E. B\u00e1sica<\/td>\n<td width=\"245\">10:00<\/td>\n<td width=\"245\">11:45<\/td>\n<\/tr>\n<tr>\n<td width=\"245\">1\u00b0 a 3\u00b0 a\u00f1o de E. B\u00e1sica<\/td>\n<td width=\"245\">11:00<\/td>\n<td width=\"245\">12:30<\/td>\n<\/tr>\n<tr>\n<td width=\"245\">Pre-k\u00ednder y K\u00ednder Nahuel<\/td>\n<td width=\"245\">11:30<\/td>\n<td width=\"245\">12:30<\/td>\n<\/tr>\n<\/tbody>\n<\/table>\n<p style=\"font-weight: 400;\">\n<p>Desde el d\u00eda jueves 05 al 13 de marzo el horario de clases de los estudiantes de 2\u00b0 B\u00e1sico a 4\u00b0 Medio ser\u00e1 solo durante la jornada de la ma\u00f1ana, iniciando la jornada escolar completa el lunes 16 de marzo. En consecuencia, los horarios de ingreso y salida durante este tiempo ser\u00e1n los siguientes:<\/p>\n<table style=\"font-weight: 400;\">\n<tbody>\n<tr>\n<td width=\"245\"><strong>CURSOS<\/strong><\/td>\n<td width=\"245\"><strong>ENTRADA<\/strong><\/td>\n<td width=\"245\"><strong>SALIDA<\/strong><\/td>\n<\/tr>\n<tr>\n<td width=\"245\">2\u00b0 a 6\u00b0 a\u00f1o de E. B\u00e1sica<\/td>\n<td width=\"245\">08:30<\/td>\n<td width=\"245\">13:30<\/td>\n<\/tr>\n<tr>\n<td width=\"245\">7\u00b0 a\u00f1o de E. B\u00e1sica a 4\u00b0 a\u00f1o de E. Media<\/td>\n<td width=\"245\">08:00<\/td>\n<td width=\"245\">13:00<\/td>\n<\/tr>\n<\/tbody>\n<\/table>\n<p style=\"font-weight: 400;\">\n<p style=\"font-weight: 400;\">Educaci\u00f3n Parvularia y los 1\u00b0 B\u00e1sicos tendr\u00e1n un horario progresivo durante el mes de marzo, el que ser\u00e1 informado por sus respectivas educadoras y profesoras jefe el d\u00eda mi\u00e9rcoles 04 de marzo.<\/p>\n<p style=\"font-weight: 400;\">Respecto a los talleres art\u00edstico-deportivos que deben cursar los estudiantes de Ense\u00f1anza B\u00e1sica, deber\u00e1n inscribirse en respectivo formulario de inscripci\u00f3n (asunto que ser\u00e1 comunicado en el transcurso del mes de marzo), dando inicio a estos en el mes de abril.<\/p>\n<p style=\"font-weight: 400;\">Dese\u00e1ndoles a todos\/as un excelente a\u00f1o escolar en todas las dimensiones posibles, me despido cordialmente,<\/p>\n<p style=\"font-weight: 400;\">\n<p style=\"font-weight: 400;\"><strong>Jorge Alfaro Mart\u00ednez<\/strong><\/p>\n<p style=\"font-weight: 400;\"><strong>Director<\/strong><\/p>\n<\/div>\n\t\t<\/div><\/div><\/div><\/div>","protected":false},"excerpt":{"rendered":"<p>Queridas familias, junto con saludar y esperando que hayan tenido un buen periodo de descanso, queremos darles la m\u00e1s cordial bienvenida a este a\u00f1o escolar 2026. Esperamos que Uds. y sus hijas e hijos puedan tener un exitoso a\u00f1o acad\u00e9mico, [&hellip;]<\/p>\n","protected":false},"author":1,"featured_media":0,"parent":0,"menu_order":0,"comment_status":"closed","ping_status":"closed","template":"","meta":[],"_links":{"self":[{"href":"http:\/\/colegioapumanque.cl\/apumanque\/wp-json\/wp\/v2\/pages\/9517"}],"collection":[{"href":"http:\/\/colegioapumanque.cl\/apumanque\/wp-json\/wp\/v2\/pages"}],"about":[{"href":"http:\/\/colegioapumanque.cl\/apumanque\/wp-json\/wp\/v2\/types\/page"}],"author":[{"embeddable":true,"href":"http:\/\/colegioapumanque.cl\/apumanque\/wp-json\/wp\/v2\/users\/1"}],"replies":[{"embeddable":true,"href":"http:\/\/colegioapumanque.cl\/apumanque\/wp-json\/wp\/v2\/comments?post=9517"}],"version-history":[{"count":3,"href":"http:\/\/colegioapumanque.cl\/apumanque\/wp-json\/wp\/v2\/pages\/9517\/revisions"}],"predecessor-version":[{"id":9525,"href":"http:\/\/colegioapumanque.cl\/apumanque\/wp-json\/wp\/v2\/pages\/9517\/revisions\/9525"}],"wp:attachment":[{"href":"http:\/\/colegioapumanque.cl\/apumanque\/wp-json\/wp\/v2\/media?parent=9517"}],"curies":[{"name":"wp","href":"https:\/\/api.w.org\/{rel}","templated":true}]}}