{"id":7614,"date":"2016-10-21T13:49:21","date_gmt":"2016-10-21T13:49:21","guid":{"rendered":"http:\/\/colegioapumanque.cl\/apumanque\/?page_id=7614"},"modified":"2020-09-09T22:04:30","modified_gmt":"2020-09-09T22:04:30","slug":"home-colegio-apumanque","status":"publish","type":"page","link":"https:\/\/colegioapumanque.cl\/apumanque\/","title":{"rendered":"Home Colegio Apumanque"},"content":{"rendered":"<div id=\"pl-7614\"  class=\"panel-layout\" ><div id=\"pg-7614-0\"  class=\"panel-grid panel-has-style\" ><div class=\"siteorigin-panels-stretch thim-fix-stretched panel-row-style panel-row-style-for-7614-0\" data-stretch-type=\"full-stretched\" ><div id=\"pgc-7614-0-0\"  class=\"panel-grid-cell\" ><div id=\"panel-7614-0-0-0\" class=\"so-panel widget widget_text panel-first-child panel-last-child\" data-index=\"0\" >\t\t\t<div class=\"textwidget\"><link href=\"https:\/\/fonts.googleapis.com\/css?family=Roboto%3A500\" rel=\"stylesheet\" property=\"stylesheet\" type=\"text\/css\" media=\"all\" \/>\n<div id=\"rev_slider_11_1_wrapper\" class=\"rev_slider_wrapper fullscreen-container\" style=\"background-color:transparent;padding:0px;\">\n<!-- START REVOLUTION SLIDER 5.2.5.4 fullscreen mode -->\n\t<div id=\"rev_slider_11_1\" class=\"rev_slider fullscreenbanner\" style=\"display:none;\" data-version=\"5.2.5.4\">\n<ul>\t<!-- SLIDE  -->\n\t<li data-index=\"rs-39\" data-transition=\"fade\" data-slotamount=\"default\" data-hideafterloop=\"0\" data-hideslideonmobile=\"off\"  data-easein=\"default\" data-easeout=\"default\" data-masterspeed=\"300\"  data-delay=\"8950.000305175781\"  data-rotate=\"0\"  data-saveperformance=\"off\"  data-title=\"Slide\" data-param1=\"\" data-param2=\"\" data-param3=\"\" data-param4=\"\" data-param5=\"\" data-param6=\"\" data-param7=\"\" data-param8=\"\" data-param9=\"\" data-param10=\"\" data-description=\"\">\n\t\t<!-- MAIN IMAGE -->\n\t\t<img src=\"https:\/\/colegioapumanque.cl\/apumanque\/wp-content\/uploads\/2026\/01\/entrada-colegio-v2.jpeg\"  alt=\"\" title=\"entrada colegio v2\"  width=\"1280\" height=\"960\" data-bgposition=\"center center\" data-bgfit=\"cover\" data-bgrepeat=\"no-repeat\" class=\"rev-slidebg\" data-no-retina>\n\t\t<!-- LAYERS -->\n\n\t\t<!-- LAYER NR. 1 -->\n\t\t<div class=\"tp-caption rev-btn rev-hiddenicon \" \n\t\t\t id=\"slide-39-layer-27\" \n\t\t\t data-x=\"['left','left','left','left']\" data-hoffset=\"['448','448','448','78']\" \n\t\t\t data-y=\"['top','top','top','top']\" data-voffset=\"['441','441','441','381']\" \n\t\t\t\t\t\tdata-width=\"318\"\n\t\t\tdata-height=\"none\"\n\t\t\tdata-whitespace=\"nowrap\"\n\t\t\tdata-transform_idle=\"o:1;\"\n\t\t\t\tdata-transform_hover=\"o:1;rX:0;rY:0;rZ:0;z:0;s:0;e:Linear.easeNone;\"\n\t\t\t\tdata-style_hover=\"c:rgba(0, 0, 0, 1.00);bg:rgba(255, 255, 255, 1.00);\"\n \n\t\t\t data-transform_in=\"opacity:0;s:300;e:Power2.easeInOut;\" \n\t\t\t data-transform_out=\"opacity:0;s:300;\" \n\t\t\tdata-start=\"600\" \n\t\t\tdata-splitin=\"none\" \n\t\t\tdata-splitout=\"none\" \n\t\t\tdata-responsive_offset=\"on\" \n\t\t\tdata-responsive=\"off\"\n\t\t\t\n\t\t\tstyle=\"z-index: 5; min-width: 318px; max-width: 318px; white-space: nowrap; font-size: 22px; line-height: 20px; font-weight: 500; color: rgba(255, 255, 255, 1.00);font-family:Roboto;background-color:rgba(0, 0, 0, 0.75);padding:12px 35px 12px 35px;border-color:rgba(0, 0, 0, 1.00);border-radius:30px 30px 30px 30px;outline:none;box-shadow:none;box-sizing:border-box;-moz-box-sizing:border-box;-webkit-box-sizing:border-box;cursor:pointer;\"><center><a HREF=\"http:\/\/colegioapumanque.cl\/apumanque\/bienvenida-ano-escolar-2026\/\">Bienvenida<\/p>a\u00f1o escolar 2026<\/a><\/center> <\/div>\n\n\t\t<!-- LAYER NR. 2 -->\n\t\t<div class=\"tp-caption rev-btn rev-hiddenicon \" \n\t\t\t id=\"slide-39-layer-29\" \n\t\t\t data-x=\"['left','left','left','left']\" data-hoffset=\"['444','444','444','75']\" \n\t\t\t data-y=\"['top','top','top','top']\" data-voffset=\"['534','534','534','465']\" \n\t\t\t\t\t\tdata-width=\"318\"\n\t\t\tdata-height=\"none\"\n\t\t\tdata-whitespace=\"nowrap\"\n\t\t\tdata-transform_idle=\"o:1;\"\n\t\t\t\tdata-transform_hover=\"o:1;rX:0;rY:0;rZ:0;z:0;s:0;e:Linear.easeNone;\"\n\t\t\t\tdata-style_hover=\"c:rgba(0, 0, 0, 1.00);bg:rgba(255, 255, 255, 1.00);\"\n \n\t\t\t data-transform_in=\"opacity:0;s:300;e:Power2.easeInOut;\" \n\t\t\t data-transform_out=\"opacity:0;s:300;\" \n\t\t\tdata-start=\"600\" \n\t\t\tdata-splitin=\"none\" \n\t\t\tdata-splitout=\"none\" \n\t\t\tdata-responsive_offset=\"on\" \n\t\t\tdata-responsive=\"off\"\n\t\t\t\n\t\t\tstyle=\"z-index: 6; min-width: 318px; max-width: 318px; white-space: nowrap; font-size: 22px; line-height: 20px; font-weight: 500; color: rgba(255, 255, 255, 1.00);font-family:Roboto;background-color:rgba(0, 0, 0, 0.75);padding:12px 35px 12px 35px;border-color:rgba(0, 0, 0, 1.00);border-radius:30px 30px 30px 30px;outline:none;box-shadow:none;box-sizing:border-box;-moz-box-sizing:border-box;-webkit-box-sizing:border-box;cursor:pointer;\"><center><a HREF=\"http:\/\/colegioapumanque.cl\/apumanque\/informacion-documentos-matriculas-ano-escolar-2026\/\">Matr\u00edculas<\/p>a\u00f1o 2026<\/a><\/center> <\/div>\n\n\t\t<!-- LAYER NR. 3 -->\n\t\t<div class=\"tp-caption rev-btn rev-withicon \" \n\t\t\t id=\"slide-39-layer-30\" \n\t\t\t data-x=\"['left','left','left','left']\" data-hoffset=\"['443','443','443','72']\" \n\t\t\t data-y=\"['top','top','top','top']\" data-voffset=\"['625','625','625','549']\" \n\t\t\t\t\t\tdata-width=\"320\"\n\t\t\tdata-height=\"none\"\n\t\t\tdata-whitespace=\"nowrap\"\n\t\t\tdata-transform_idle=\"o:1;\"\n\t\t\t\tdata-transform_hover=\"o:1;rX:0;rY:0;rZ:0;z:0;s:0;e:Linear.easeNone;\"\n\t\t\t\tdata-style_hover=\"c:rgba(0, 0, 0, 1.00);bg:rgba(255, 255, 255, 1.00);\"\n \n\t\t\t data-transform_in=\"opacity:0;s:300;e:Power2.easeInOut;\" \n\t\t\t data-transform_out=\"opacity:0;s:300;\" \n\t\t\tdata-start=\"600\" \n\t\t\tdata-splitin=\"none\" \n\t\t\tdata-splitout=\"none\" \n\t\t\tdata-responsive_offset=\"on\" \n\t\t\tdata-responsive=\"off\"\n\t\t\t\n\t\t\tstyle=\"z-index: 7; min-width: 320px; max-width: 320px; white-space: nowrap; font-size: 22px; line-height: 20px; font-weight: 500; color: rgba(255, 255, 255, 1.00);font-family:Roboto;background-color:rgba(0, 0, 0, 0.75);padding:12px 35px 12px 35px;border-color:rgba(0, 0, 0, 1.00);border-radius:30px 30px 30px 30px;outline:none;box-shadow:none;box-sizing:border-box;-moz-box-sizing:border-box;-webkit-box-sizing:border-box;cursor:pointer;\">\n\n<center><a HREF=\"http:\/\/colegioapumanque.cl\/apumanque\/listas-de-utiles-y-plan-lector-ano-2026\/\">Lista de \u00fatiles y <\/p> Plan lector 2026<\/a><\/center> <\/div>\n\t<\/li>\n<\/ul>\n<div class=\"tp-bannertimer tp-bottom\" style=\"visibility: hidden !important;\"><\/div>\t<\/div>\n<script>var htmlDiv = document.getElementById(\"rs-plugin-settings-inline-css\"); var htmlDivCss=\"\";\r\n\t\t\t\tif(htmlDiv) {\r\n\t\t\t\t\thtmlDiv.innerHTML = htmlDiv.innerHTML + htmlDivCss;\r\n\t\t\t\t}else{\r\n\t\t\t\t\tvar htmlDiv = document.createElement(\"div\");\r\n\t\t\t\t\thtmlDiv.innerHTML = \"<style>\" + htmlDivCss + \"<\/style>\";\r\n\t\t\t\t\tdocument.getElementsByTagName(\"head\")[0].appendChild(htmlDiv.childNodes[0]);\r\n\t\t\t\t}\r\n\t\t\t<\/script>\n\t\t<script type=\"text\/javascript\">\r\n\t\t\t\t\t\t\/******************************************\r\n\t\t\t\t-\tPREPARE PLACEHOLDER FOR SLIDER\t-\r\n\t\t\t******************************************\/\r\n\r\n\t\t\tvar setREVStartSize=function(){\r\n\t\t\t\ttry{var e=new Object,i=jQuery(window).width(),t=9999,r=0,n=0,l=0,f=0,s=0,h=0;\r\n\t\t\t\t\te.c = jQuery('#rev_slider_11_1');\r\n\t\t\t\t\te.responsiveLevels = [1240,1240,1240,480];\r\n\t\t\t\t\te.gridwidth = [1240,1024,778,480];\r\n\t\t\t\t\te.gridheight = [868,768,960,720];\r\n\t\t\t\t\t\t\t\r\n\t\t\t\t\te.sliderLayout = \"fullscreen\";\r\n\t\t\t\t\te.fullScreenAutoWidth='off';\r\n\t\t\t\t\te.fullScreenAlignForce='off';\r\n\t\t\t\t\te.fullScreenOffsetContainer= '';\r\n\t\t\t\t\te.fullScreenOffset='';\r\n\t\t\t\t\tif(e.responsiveLevels&&(jQuery.each(e.responsiveLevels,function(e,f){f>i&&(t=r=f,l=e),i>f&&f>r&&(r=f,n=e)}),t>r&&(l=n)),f=e.gridheight[l]||e.gridheight[0]||e.gridheight,s=e.gridwidth[l]||e.gridwidth[0]||e.gridwidth,h=i\/s,h=h>1?1:h,f=Math.round(h*f),\"fullscreen\"==e.sliderLayout){var u=(e.c.width(),jQuery(window).height());if(void 0!=e.fullScreenOffsetContainer){var c=e.fullScreenOffsetContainer.split(\",\");if (c) jQuery.each(c,function(e,i){u=jQuery(i).length>0?u-jQuery(i).outerHeight(!0):u}),e.fullScreenOffset.split(\"%\").length>1&&void 0!=e.fullScreenOffset&&e.fullScreenOffset.length>0?u-=jQuery(window).height()*parseInt(e.fullScreenOffset,0)\/100:void 0!=e.fullScreenOffset&&e.fullScreenOffset.length>0&&(u-=parseInt(e.fullScreenOffset,0))}f=u}else void 0!=e.minHeight&&f<e.minHeight&&(f=e.minHeight);e.c.closest(\".rev_slider_wrapper\").css({height:f})\r\n\t\t\t\t\t\r\n\t\t\t\t}catch(d){console.log(\"Failure at Presize of Slider:\"+d)}\r\n\t\t\t};\r\n\t\t\t\r\n\t\t\tsetREVStartSize();\r\n\t\t\t\r\n\t\t\t\t\t\tvar tpj=jQuery;\r\n\t\t\t\r\n\t\t\tvar revapi11;\r\n\t\t\ttpj(document).ready(function() {\n\t\t\t\tif(tpj(\"#rev_slider_11_1\").revolution == undefined){\n\t\t\t\t\trevslider_showDoubleJqueryError(\"#rev_slider_11_1\");\n\t\t\t\t}else{\n\t\t\t\t\trevapi11 = tpj(\"#rev_slider_11_1\").show().revolution({\n\t\t\t\t\t\tsliderType:\"hero\",\njsFileLocation:\"\/\/colegioapumanque.cl\/apumanque\/wp-content\/plugins\/revslider\/public\/assets\/js\/\",\n\t\t\t\t\t\tsliderLayout:\"fullscreen\",\n\t\t\t\t\t\tdottedOverlay:\"none\",\n\t\t\t\t\t\tdelay:9000,\n\t\t\t\t\t\tnavigation: {\n\t\t\t\t\t\t},\n\t\t\t\t\t\tresponsiveLevels:[1240,1240,1240,480],\n\t\t\t\t\t\tvisibilityLevels:[1240,1240,1240,480],\n\t\t\t\t\t\tgridwidth:[1240,1024,778,480],\n\t\t\t\t\t\tgridheight:[868,768,960,720],\n\t\t\t\t\t\tlazyType:\"none\",\n\t\t\t\t\t\tshadow:0,\n\t\t\t\t\t\tspinner:\"spinner0\",\n\t\t\t\t\t\tautoHeight:\"off\",\n\t\t\t\t\t\tfullScreenAutoWidth:\"off\",\n\t\t\t\t\t\tfullScreenAlignForce:\"off\",\n\t\t\t\t\t\tfullScreenOffsetContainer: \"\",\n\t\t\t\t\t\tfullScreenOffset: \"\",\n\t\t\t\t\t\tdisableProgressBar:\"on\",\n\t\t\t\t\t\thideThumbsOnMobile:\"off\",\n\t\t\t\t\t\thideSliderAtLimit:0,\n\t\t\t\t\t\thideCaptionAtLimit:0,\n\t\t\t\t\t\thideAllCaptionAtLilmit:0,\n\t\t\t\t\t\tdebugMode:false,\n\t\t\t\t\t\tfallbacks: {\n\t\t\t\t\t\t\tsimplifyAll:\"off\",\n\t\t\t\t\t\t\tdisableFocusListener:false,\n\t\t\t\t\t\t}\n\t\t\t\t\t});\n\t\t\t\t}\n\t\t\t});\t\/*ready*\/\n\t\t<\/script>\r\n\t\t<\/div><!-- END REVOLUTION SLIDER --><\/div>\n\t\t<\/div><\/div><\/div><\/div><div id=\"pg-7614-1\"  class=\"panel-grid panel-no-style\" ><div id=\"pgc-7614-1-0\"  class=\"panel-grid-cell\" ><div id=\"panel-7614-1-0-0\" class=\"so-panel widget widget_icon-box panel-first-child panel-last-child\" data-index=\"1\" ><div class=\"panel-widget-style panel-widget-style-for-7614-1-0-0\" ><div class=\"thim-widget-icon-box thim-widget-icon-box-base\"><div class=\"wrapper-box-icon has_custom_image has_read_more text-right  \" ><div class=\"smicon-box iconbox-left\"><div class=\"boxes-icon\" style=\"border-color:#ffffff;width: 120px;height: 120px;\"><span class=\"inner-icon\"><span class=\"icon icon-images\"><img src=\"https:\/\/colegioapumanque.cl\/apumanque\/wp-content\/uploads\/2016\/04\/boton-proyecto-educativo.png\" alt=\"boton-proyecto-educativo\" title=\"boton-proyecto-educativo\" ><\/span><\/span><\/div><div class=\"content-inner\"  style=\"width: calc( 100% - 120px - 15px);\"><div class=\"sc-heading article_heading\"><h2 class = \"heading__primary\" style=\"color: #ffffff;font-size: 20px; line-height: 20px;font-weight: 700;margin-top: 28px;margin-bottom: 18px;\">PROYECTO EDUCATIVO<\/h2><\/div><a class=\"smicon-read sc-btn\" href=\"http:\/\/colegioapumanque.cl\/apumanque\/wp-content\/uploads\/2016\/10\/proyecto-educativo.pdf\"  style=\"border-color: #ffffff;color: #ffffff;\" >Leer m\u00e1s<i class=\"fa fa-chevron-right\"><\/i><\/a><\/div><\/div><!--end smicon-box--><\/div><\/div><\/div><\/div><\/div><div id=\"pgc-7614-1-1\"  class=\"panel-grid-cell\" ><div id=\"panel-7614-1-1-0\" class=\"so-panel widget widget_icon-box panel-first-child panel-last-child\" data-index=\"2\" ><div class=\"panel-widget-style panel-widget-style-for-7614-1-1-0\" ><div class=\"thim-widget-icon-box thim-widget-icon-box-base\"><div class=\"wrapper-box-icon has_custom_image text-right  \" ><div class=\"smicon-box iconbox-left\"><div class=\"boxes-icon\" style=\"border-color:#ffffff;width: 120px;height: 120px;\"><a class=\"icon-box-link\" href=\"http:\/\/colegioapumanque.cl\/apumanque\/wp-content\/uploads\/2018\/09\/Cartilla-Proceso-de-Admision-2019.pdf\" style=\"color: #ffffff;font-size: 20px; line-height: 20px;font-weight: 700;margin-top: 28px;margin-bottom: 18px;\"><span class=\"inner-icon\"><span class=\"icon icon-images\"><img src=\"https:\/\/colegioapumanque.cl\/apumanque\/wp-content\/uploads\/2016\/04\/boton-admision.png\" alt=\"boton-admision\" title=\"boton-admision\" ><\/span><\/span><\/a><\/div><div class=\"content-inner\"  style=\"width: calc( 100% - 120px - 15px);\"><div class=\"sc-heading article_heading\"><h2 class = \"heading__primary\" style=\"color: #ffffff;font-size: 20px; line-height: 20px;font-weight: 700;margin-top: 28px;margin-bottom: 18px;\"><a class=\"icon-box-link\" href=\"http:\/\/colegioapumanque.cl\/apumanque\/wp-content\/uploads\/2018\/09\/Cartilla-Proceso-de-Admision-2019.pdf\" style=\"color: #ffffff;font-size: 20px; line-height: 20px;font-weight: 700;margin-top: 28px;margin-bottom: 18px;\">ADMISI\u00d3N<\/a><\/h2><\/div><\/div><\/div><!--end smicon-box--><\/div><\/div><\/div><\/div><\/div><div id=\"pgc-7614-1-2\"  class=\"panel-grid-cell\" ><div id=\"panel-7614-1-2-0\" class=\"so-panel widget widget_icon-box panel-first-child panel-last-child\" data-index=\"3\" ><div class=\"panel-widget-style panel-widget-style-for-7614-1-2-0\" ><div class=\"thim-widget-icon-box thim-widget-icon-box-base\"><div class=\"wrapper-box-icon has_custom_image has_read_more text-right  \" ><div class=\"smicon-box iconbox-left\"><div class=\"boxes-icon\" style=\"border-color:#ffffff;width: 120px;height: 120px;\"><span class=\"inner-icon\"><span class=\"icon icon-images\"><img src=\"https:\/\/colegioapumanque.cl\/apumanque\/wp-content\/uploads\/2016\/04\/img-napsis.png\" alt=\"img-napsis\" title=\"img-napsis\" ><\/span><\/span><\/div><div class=\"content-inner\"  style=\"width: calc( 100% - 120px - 15px);\"><div class=\"sc-heading article_heading\"><h2 class = \"heading__primary\" style=\"color: #ffffff;font-size: 20px; line-height: 20px;font-weight: 700;margin-top: 28px;margin-bottom: 18px;\">NAPSIS SND<\/h2><\/div><a class=\"smicon-read sc-btn\" href=\"http:\/\/www.napsis.cl\"  style=\"border-color: #ffffff;color: #ffffff;\" >ACCEDER<i class=\"fa fa-chevron-right\"><\/i><\/a><\/div><\/div><!--end smicon-box--><\/div><\/div><\/div><\/div><\/div><\/div><div id=\"pg-7614-2\"  class=\"panel-grid panel-has-style\" ><div class=\"so-parallax siteorigin-panels-stretch panel-row-style panel-row-style-for-7614-2\" data-stretch-type=\"full\" ><div id=\"pgc-7614-2-0\"  class=\"panel-grid-cell\" ><div id=\"panel-7614-2-0-0\" class=\"so-panel widget widget_heading panel-first-child panel-last-child\" data-index=\"4\" ><div class=\"thim-widget-heading thim-widget-heading-base\"><div class=\"sc_heading wpb_animate_when_almost_visible wpb_appear text-center\"><h6 style=\"color:#d6d6d6;font-size:40px;font-weight:300;font-style:inherit;\" class=\"title\"><\/h6><p class=\"sub-heading\" style=\"\">\"Formamos a Alumnos y Alumnas para que sean reconocidos por su alto nivel de desempe\u00f1o acad\u00e9mico, deportivo y art\u00edstico, as\u00ed como, por sus calidades humanas, personas creativas, emprendedoras, comprometidas con su aprendizaje y capaces de vivir y contribuir a una sociedad m\u00e1s abierta, pluralista y democr\u00e1tica\"<\/p><span style=\"background-color:#38653c\" class=\"line\"><\/span><\/div><\/div><\/div><\/div><\/div><\/div><div id=\"pg-7614-3\"  class=\"panel-grid panel-has-style\" ><div class=\"so-parallax siteorigin-panels-stretch panel-row-style panel-row-style-for-7614-3\" data-stretch-type=\"full\" ><div id=\"pgc-7614-3-0\"  class=\"panel-grid-cell\" ><div id=\"panel-7614-3-0-0\" class=\"so-panel widget widget_heading panel-first-child\" data-index=\"5\" ><div class=\"thim-widget-heading thim-widget-heading-base\"><div class=\"sc_heading text-left\"><h3 style=\"color:#38653c;\" class=\"title\">Noticias<\/h3><span style=\"background-color:#38653c\" class=\"line\"><\/span><\/div><\/div><\/div><div id=\"panel-7614-3-0-1\" class=\"so-panel widget widget_carousel-post panel-last-child\" data-index=\"6\" ><div class=\"panel-widget-style panel-widget-style-for-7614-3-0-1\" ><div class=\"thim-widget-carousel-post thim-widget-carousel-post-base\">\t<div class=\"thim-owl-carousel-post thim-carousel-wrapper\" data-visible=\"3\"\n\t     data-pagination=\"0\" data-navigation=\"1\" data-autoplay=\"0\">\n\t\t\t\t\t<div class=\"item\">\n\t\t\t\t\t\t\t\t<div class=\"image\">\n\t\t\t\t\t<a href=\"https:\/\/colegioapumanque.cl\/apumanque\/bienvenida-ano-escolar-2026\/\">\n\t\t\t\t\t\t\t\t\t\t\t<\/a>\n\t\t\t\t<\/div>\n\t\t\t\t<div class=\"content\">\n\t\t\t\t\t<div class=\"info\">\n\t\t\t\t\t\t<div class=\"author\">\n\t\t\t\t\t\t\t<span>colegioapumanque<\/span>\t\t\t\t\t\t<\/div>\n\t\t\t\t\t\t<div class=\"date\">\n\t\t\t\t\t\t\tAbr 05, 2026\t\t\t\t\t\t<\/div>\n\t\t\t\t\t<\/div>\n\t\t\t\t\t<h4 class=\"title\">\n\t\t\t\t\t\t<a href=\"https:\/\/colegioapumanque.cl\/apumanque\/bienvenida-ano-escolar-2026\/\">Bienvenida a\u00f1o escolar 2026<\/a>\n\t\t\t\t\t<\/h4>\n\t\t\t\t<\/div>\n\t\t\t<\/div>\n\t\t\t\t\t\t<div class=\"item\">\n\t\t\t\t\t\t\t\t<div class=\"image\">\n\t\t\t\t\t<a href=\"https:\/\/colegioapumanque.cl\/apumanque\/nueva-feria-del-libro\/\">\n\t\t\t\t\t\t<img src=\"https:\/\/colegioapumanque.cl\/apumanque\/wp-content\/uploads\/2024\/04\/WhatsApp-Image-2024-04-17-at-10.51.30-e1713558368402-450x267.jpeg\" alt=\"NUEVA FERIA DEL LIBRO\" title=\"WhatsApp Image 2024-04-17 at 10.51.30\"  width=\"450\" height=\"267\">\t\t\t\t\t<\/a>\n\t\t\t\t<\/div>\n\t\t\t\t<div class=\"content\">\n\t\t\t\t\t<div class=\"info\">\n\t\t\t\t\t\t<div class=\"author\">\n\t\t\t\t\t\t\t<span>colegioapumanque<\/span>\t\t\t\t\t\t<\/div>\n\t\t\t\t\t\t<div class=\"date\">\n\t\t\t\t\t\t\tAbr 05, 2026\t\t\t\t\t\t<\/div>\n\t\t\t\t\t<\/div>\n\t\t\t\t\t<h4 class=\"title\">\n\t\t\t\t\t\t<a href=\"https:\/\/colegioapumanque.cl\/apumanque\/nueva-feria-del-libro\/\">NUEVA FERIA DEL LIBRO<\/a>\n\t\t\t\t\t<\/h4>\n\t\t\t\t<\/div>\n\t\t\t<\/div>\n\t\t\t\t\t\t<div class=\"item\">\n\t\t\t\t\t\t\t\t<div class=\"image\">\n\t\t\t\t\t<a href=\"https:\/\/colegioapumanque.cl\/apumanque\/alumnos-apoderados-movidos-deporte\/\">\n\t\t\t\t\t\t\t\t\t\t\t<\/a>\n\t\t\t\t<\/div>\n\t\t\t\t<div class=\"content\">\n\t\t\t\t\t<div class=\"info\">\n\t\t\t\t\t\t<div class=\"author\">\n\t\t\t\t\t\t\t<span>colegioapumanque<\/span>\t\t\t\t\t\t<\/div>\n\t\t\t\t\t\t<div class=\"date\">\n\t\t\t\t\t\t\tAbr 05, 2026\t\t\t\t\t\t<\/div>\n\t\t\t\t\t<\/div>\n\t\t\t\t\t<h4 class=\"title\">\n\t\t\t\t\t\t<a href=\"https:\/\/colegioapumanque.cl\/apumanque\/alumnos-apoderados-movidos-deporte\/\">ALUMNOS Y APODERADOS MOVIDOS POR EL DEPORTE<\/a>\n\t\t\t\t\t<\/h4>\n\t\t\t\t<\/div>\n\t\t\t<\/div>\n\t\t\t\t\t\t<div class=\"item\">\n\t\t\t\t\t\t\t\t<div class=\"image\">\n\t\t\t\t\t<a href=\"https:\/\/colegioapumanque.cl\/apumanque\/deporte-solidario\/\">\n\t\t\t\t\t\t<img src=\"https:\/\/colegioapumanque.cl\/apumanque\/wp-content\/uploads\/2024\/04\/WhatsApp-Image-2024-04-02-at-16.13.46-450x267.jpeg\" alt=\"DEPORTE SOLIDARIO\" title=\"WhatsApp Image 2024-04-02 at 16.13.46\"  width=\"450\" height=\"267\">\t\t\t\t\t<\/a>\n\t\t\t\t<\/div>\n\t\t\t\t<div class=\"content\">\n\t\t\t\t\t<div class=\"info\">\n\t\t\t\t\t\t<div class=\"author\">\n\t\t\t\t\t\t\t<span>colegioapumanque<\/span>\t\t\t\t\t\t<\/div>\n\t\t\t\t\t\t<div class=\"date\">\n\t\t\t\t\t\t\tAbr 05, 2026\t\t\t\t\t\t<\/div>\n\t\t\t\t\t<\/div>\n\t\t\t\t\t<h4 class=\"title\">\n\t\t\t\t\t\t<a href=\"https:\/\/colegioapumanque.cl\/apumanque\/deporte-solidario\/\">DEPORTE SOLIDARIO<\/a>\n\t\t\t\t\t<\/h4>\n\t\t\t\t<\/div>\n\t\t\t<\/div>\n\t\t\t\t<\/div>\n\n\t<\/div><\/div><\/div><\/div><\/div><\/div><div id=\"pg-7614-4\"  class=\"panel-grid panel-has-style\" ><div class=\"so-parallax siteorigin-panels-stretch panel-row-style panel-row-style-for-7614-4\" data-stretch-type=\"full\" ><img width=\"1525\" height=\"586\" src=\"https:\/\/colegioapumanque.cl\/apumanque\/wp-content\/uploads\/2016\/04\/bg-iconografias.jpg\" class=\"attachment-full size-full\" alt=\"\" decoding=\"async\" loading=\"eager\" data-siteorigin-parallax=\"true\" srcset=\"https:\/\/colegioapumanque.cl\/apumanque\/wp-content\/uploads\/2016\/04\/bg-iconografias.jpg 1525w, https:\/\/colegioapumanque.cl\/apumanque\/wp-content\/uploads\/2016\/04\/bg-iconografias-300x115.jpg 300w, https:\/\/colegioapumanque.cl\/apumanque\/wp-content\/uploads\/2016\/04\/bg-iconografias-768x295.jpg 768w, https:\/\/colegioapumanque.cl\/apumanque\/wp-content\/uploads\/2016\/04\/bg-iconografias-1024x393.jpg 1024w, https:\/\/colegioapumanque.cl\/apumanque\/wp-content\/uploads\/2016\/04\/bg-iconografias-75x29.jpg 75w\" sizes=\"(max-width: 1525px) 100vw, 1525px\" \/><div id=\"pgc-7614-4-0\"  class=\"panel-grid-cell\" ><div id=\"panel-7614-4-0-0\" class=\"so-panel widget widget_icon-box panel-first-child panel-last-child\" data-index=\"7\" ><div class=\"thim-widget-icon-box thim-widget-icon-box-base\"><div class=\"wrapper-box-icon has_custom_image has_read_more text-left   wrapper-line-heading\" ><div class=\"smicon-box iconbox-top\"><div class=\"boxes-icon\" ><span class=\"inner-icon\"><span class=\"icon icon-images\"><img src=\"https:\/\/colegioapumanque.cl\/apumanque\/wp-content\/uploads\/2016\/10\/img-educadores.jpg\" alt=\"img-educadores\" title=\"img-educadores\" ><\/span><\/span><\/div><div class=\"content-inner\" ><div class=\"sc-heading article_heading\"><h3 class = \"heading__primary\" style=\"color: #ffffff;font-size: 18px; line-height: 18px;font-weight: 700;margin-top: 28px;margin-bottom: 18px;\">NUESTROS EDUCADORES<\/h3><span class=\"line-heading\"><\/span><\/div><div class=\"desc-icon-box\"><div class=\"desc-content\" style=\"color: #ffffff;\">Contamos con el respaldo de personal titulado y especialmente capacitado para la atenci\u00f3n del alumnado, a fin de dar a los estudiantes una respuesta pertinente a sus necesidades en cualquier \u00e1mbito que se precise.\nNuestro Cuerpo Docente constituye el principal capital del Colegio, valorando su constante af\u00e1n por la ense\u00f1anza y su continuo perfeccionamiento, que sin duda, se ha visto reflejado en los aprendizajes de nuestros estudiantes.<\/div><\/div><\/div><\/div><!--end smicon-box--><\/div><\/div><\/div><\/div><div id=\"pgc-7614-4-1\"  class=\"panel-grid-cell panel-grid-cell-mobile-last\" ><div id=\"panel-7614-4-1-0\" class=\"so-panel widget widget_icon-box panel-first-child panel-last-child\" data-index=\"8\" ><div class=\"thim-widget-icon-box thim-widget-icon-box-base\"><div class=\"wrapper-box-icon has_custom_image has_read_more text-left   wrapper-line-heading\" ><div class=\"smicon-box iconbox-top\"><div class=\"boxes-icon\" ><span class=\"inner-icon\"><span class=\"icon icon-images\"><img src=\"https:\/\/colegioapumanque.cl\/apumanque\/wp-content\/uploads\/2016\/06\/slider2.jpg\" alt=\"slider2\" title=\"slider2\" ><\/span><\/span><\/div><div class=\"content-inner\" ><div class=\"sc-heading article_heading\"><h3 class = \"heading__primary\" style=\"color: #ffffff;font-size: 18px; line-height: 18px;font-weight: 700;margin-top: 28px;margin-bottom: 18px;\">INSTALACIONES<\/h3><span class=\"line-heading\"><\/span><\/div><div class=\"desc-icon-box\"><div class=\"desc-content\" style=\"color: #ffffff;\">El establecimiento, cuenta con 34 salas habilitadas para diferentes trabajos pedag\u00f3gicos, entre ellas, espacios definidos para Sala de Arte, Laboratorio de Ciencias, dos Salas de Computaci\u00f3n para Ense\u00f1anza B\u00e1sica y Media respectivamente, Centro de Recursos del Aprendizaje (CRA), Sala de Ajedrez, dos Casinos, adem\u00e1s de las respectivas Salas de Clases. Todo este equipamiento es supervisado por personal id\u00f3neo para cumplir con todas las labores de cuidado, reparaciones y mantenci\u00f3n de la infraestructura, de modo de garantizar en todo momento comodidad y seguridad para los estudiantes, profesores y apoderados. <\/div><\/div><\/div><\/div><!--end smicon-box--><\/div><\/div><\/div><\/div><div id=\"pgc-7614-4-2\"  class=\"panel-grid-cell panel-grid-cell-empty\" ><\/div><\/div><\/div><div id=\"pg-7614-5\"  class=\"panel-grid panel-has-style\" ><div class=\"thim-buy-now thim-bg-overlay panel-row-style panel-row-style-for-7614-5\" ><div id=\"pgc-7614-5-0\"  class=\"panel-grid-cell\" ><div id=\"panel-7614-5-0-0\" class=\"so-panel widget widget_text panel-first-child panel-last-child\" data-index=\"9\" >\t\t\t<div class=\"textwidget\"><div class=\"thim-buy-now-desc\">\n<h3 class=\"heading\">CARTA DEL DIRECTOR<\/h3>\n<\/div><\/div>\n\t\t<\/div><\/div><div id=\"pgc-7614-5-1\"  class=\"panel-grid-cell\" ><div id=\"panel-7614-5-1-0\" class=\"so-panel widget widget_button panel-first-child panel-last-child\" data-index=\"10\" ><div class=\"thim-widget-button thim-widget-button-base\"><a class=\"widget-button  normal custom_style\" href=\"http:\/\/colegioapumanque.cl\/apumanque\/carta-del-director\/\" target=\"_blank\" style=\"font-weight: 700;color: #333333;border-color: #ffb606;background-color: #ffb606;\" data-hover=\"font-weight: 700;color: #333333;border-color: #e6a303;background-color: #e6a303;\">INFORMESE AQUI<\/a><\/div><\/div><\/div><\/div><\/div><\/div>","protected":false},"excerpt":{"rendered":"<p>\nSe viene una semana cargada de deporte, tanto para nuestros estudiantes, como tambi\u00e9n, para padre y apoderados. Mi\u00e9rcoles 10 y jueves 11 son los d\u00edas destinados a moverse y ayudar. A continuaci\u00f3n compartimos las bases de las inscripciones, horarios <\/p>\n","protected":false},"author":1,"featured_media":0,"parent":0,"menu_order":0,"comment_status":"closed","ping_status":"closed","template":"page-templates\/homepage.php","meta":[],"_links":{"self":[{"href":"https:\/\/colegioapumanque.cl\/apumanque\/wp-json\/wp\/v2\/pages\/7614"}],"collection":[{"href":"https:\/\/colegioapumanque.cl\/apumanque\/wp-json\/wp\/v2\/pages"}],"about":[{"href":"https:\/\/colegioapumanque.cl\/apumanque\/wp-json\/wp\/v2\/types\/page"}],"author":[{"embeddable":true,"href":"https:\/\/colegioapumanque.cl\/apumanque\/wp-json\/wp\/v2\/users\/1"}],"replies":[{"embeddable":true,"href":"https:\/\/colegioapumanque.cl\/apumanque\/wp-json\/wp\/v2\/comments?post=7614"}],"version-history":[{"count":8,"href":"https:\/\/colegioapumanque.cl\/apumanque\/wp-json\/wp\/v2\/pages\/7614\/revisions"}],"predecessor-version":[{"id":8286,"href":"https:\/\/colegioapumanque.cl\/apumanque\/wp-json\/wp\/v2\/pages\/7614\/revisions\/8286"}],"wp:attachment":[{"href":"https:\/\/colegioapumanque.cl\/apumanque\/wp-json\/wp\/v2\/media?parent=7614"}],"curies":[{"name":"wp","href":"https:\/\/api.w.org\/{rel}","templated":true}]}}