{"id":8102,"date":"2020-03-18T21:08:19","date_gmt":"2020-03-18T21:08:19","guid":{"rendered":"http:\/\/colegioapumanque.cl\/apumanque\/?page_id=8102"},"modified":"2020-04-06T15:30:54","modified_gmt":"2020-04-06T15:30:54","slug":"trabajos-pedagogicos","status":"publish","type":"page","link":"https:\/\/colegioapumanque.cl\/apumanque\/trabajos-pedagogicos\/","title":{"rendered":"Planes de trabajo pedag\u00f3gico 2020"},"content":{"rendered":"<div id=\"pl-8102\"  class=\"panel-layout\" ><div id=\"pg-8102-0\"  class=\"panel-grid panel-no-style\" ><div id=\"pgc-8102-0-0\"  class=\"panel-grid-cell panel-grid-cell-empty\" ><\/div><\/div><div id=\"pg-8102-1\"  class=\"panel-grid panel-has-style\" ><div class=\"panel-row-style panel-row-style-for-8102-1\" ><div id=\"pgc-8102-1-0\"  class=\"panel-grid-cell\" ><div id=\"panel-8102-1-0-0\" class=\"so-panel widget widget_single-images panel-first-child\" data-index=\"0\" ><div class=\"panel-widget-style panel-widget-style-for-8102-1-0-0\" ><div class=\"thim-widget-single-images thim-widget-single-images-base\"><div class=\"single-image text-left\"><img src =\"https:\/\/colegioapumanque.cl\/apumanque\/wp-content\/uploads\/2016\/07\/logotipo-500.png\"  alt=\"\"\/><\/div><\/div><\/div><\/div><div id=\"panel-8102-1-0-1\" class=\"so-panel widget widget_text\" data-index=\"1\" ><h3 class=\"widget-title\">SEMANA 3<\/h3>\t\t\t<div class=\"textwidget\"><\/div>\n\t\t<\/div><div id=\"panel-8102-1-0-2\" class=\"so-panel widget widget_heading panel-last-child\" data-index=\"2\" ><div class=\"thim-widget-heading thim-widget-heading-base\"><div class=\"sc_heading text-left\"><h3 class=\"title\">30\/03 - 09\/04<\/h3><span class=\"line\"><\/span><\/div><\/div><\/div><\/div><div id=\"pgc-8102-1-1\"  class=\"panel-grid-cell\" ><div id=\"panel-8102-1-1-0\" class=\"so-panel widget widget_text panel-first-child\" data-index=\"3\" ><h3 class=\"widget-title\">PRE-KINDER Y KINDER<\/h3>\t\t\t<div class=\"textwidget\"><\/div>\n\t\t<\/div><div id=\"panel-8102-1-1-1\" class=\"so-panel widget widget_button\" data-index=\"4\" ><div class=\"thim-widget-button thim-widget-button-base\"><a class=\"widget-button  small custom_style\" href=\"http:\/\/colegioapumanque.cl\/apumanque\/wp-content\/uploads\/2020\/04\/PKM-PKN-SEMANA-4.pdf\" target=\"_blank\" style=\"font-size: 12px;font-weight: normal;color: #000000;border-color: #ffffff;background-color: #cccccc;\" data-hover=\"font-size: 12px;font-weight: normal;color: #333333;border-color: #ffffff;background-color: #e2e2e2;\"><i class=\"fa fa-angle-right\" style=\"font-size: 14px;\"><\/i> PREKINDER MANQUE<\/a><\/div><\/div><div id=\"panel-8102-1-1-2\" class=\"so-panel widget widget_button\" data-index=\"5\" ><div class=\"thim-widget-button thim-widget-button-base\"><a class=\"widget-button  small custom_style\" href=\"http:\/\/colegioapumanque.cl\/apumanque\/wp-content\/uploads\/2020\/04\/PKM-PKN-SEMANA-4.pdf\" target=\"_blank\" style=\"font-size: 12px;font-weight: normal;color: #000000;border-color: #ffffff;background-color: #cccccc;\" data-hover=\"font-size: 12px;font-weight: normal;color: #333333;border-color: #ffffff;background-color: #e2e2e2;\"><i class=\"fa fa-angle-right\" style=\"font-size: 14px;\"><\/i> PREKINDER NAHUEL<\/a><\/div><\/div><div id=\"panel-8102-1-1-3\" class=\"so-panel widget widget_button\" data-index=\"6\" ><div class=\"thim-widget-button thim-widget-button-base\"><a class=\"widget-button  small custom_style\" href=\"http:\/\/colegioapumanque.cl\/apumanque\/wp-content\/uploads\/2020\/04\/KM-SEMANA-4.pdf\" target=\"_blank\" style=\"font-size: 12px;font-weight: normal;color: #000000;border-color: #ffffff;background-color: #cccccc;\" data-hover=\"font-size: 12px;font-weight: normal;color: #333333;border-color: #ffffff;background-color: #e2e2e2;\"><i class=\"fa fa-angle-right\" style=\"font-size: 14px;\"><\/i> KINDER MANQUE<\/a><\/div><\/div><div id=\"panel-8102-1-1-4\" class=\"so-panel widget widget_button\" data-index=\"7\" ><div class=\"thim-widget-button thim-widget-button-base\"><a class=\"widget-button  small custom_style\" href=\"http:\/\/colegioapumanque.cl\/apumanque\/wp-content\/uploads\/2020\/04\/KN-SEMANA-4.pdf\" target=\"_blank\" style=\"font-size: 12px;font-weight: normal;color: #000000;border-color: #ffffff;background-color: #cccccc;\" data-hover=\"font-size: 12px;font-weight: normal;color: #333333;border-color: #ffffff;background-color: #e2e2e2;\"><i class=\"fa fa-angle-right\" style=\"font-size: 14px;\"><\/i> KINDER NAHUEL<\/a><\/div><\/div><div id=\"panel-8102-1-1-5\" class=\"so-panel widget widget_text\" data-index=\"8\" ><h3 class=\"widget-title\">ANEXOS<\/h3>\t\t\t<div class=\"textwidget\"><\/div>\n\t\t<\/div><div id=\"panel-8102-1-1-6\" class=\"so-panel widget widget_button\" data-index=\"9\" ><div class=\"thim-widget-button thim-widget-button-base\"><a class=\"widget-button  small custom_style\" href=\"http:\/\/colegioapumanque.cl\/apumanque\/wp-content\/uploads\/2020\/03\/Sugerencias-Taller-de-Educaci\u00f3n-F\u00edsica-Pre-Kinder-y-Kinder-SEMANA-3.pdf\" target=\"_blank\" style=\"font-size: 10px;font-weight: normal;color: #000000;border-color: #ffffff;background-color: #cccccc;\" data-hover=\"font-size: 10px;font-weight: normal;color: #333333;border-color: #ffffff;background-color: #e2e2e2;\"><i class=\"fa fa-angle-right\" style=\"font-size: 14px;\"><\/i> ED. F\u00cdSICA PRE KINDER Y KINDER<\/a><\/div><\/div><div id=\"panel-8102-1-1-7\" class=\"so-panel widget widget_button\" data-index=\"10\" ><div class=\"thim-widget-button thim-widget-button-base\"><a class=\"widget-button  small custom_style\" href=\"http:\/\/colegioapumanque.cl\/apumanque\/wp-content\/uploads\/2020\/03\/Sugerencias-Taller-de-M\u00fasica-Pre-Kinder-Manque-y-Nahuel-SEMANA-3.pdf\" target=\"_blank\" style=\"font-size: 10px;font-weight: normal;color: #000000;border-color: #ffffff;background-color: #cccccc;\" data-hover=\"font-size: 10px;font-weight: normal;color: #333333;border-color: #ffffff;background-color: #e2e2e2;\"><i class=\"fa fa-angle-right\" style=\"font-size: 14px;\"><\/i> TALLER DE M\u00daSICA PRE-KINDER<\/a><\/div><\/div><div id=\"panel-8102-1-1-8\" class=\"so-panel widget widget_button panel-last-child\" data-index=\"11\" ><div class=\"thim-widget-button thim-widget-button-base\"><a class=\"widget-button  small custom_style\" href=\"http:\/\/colegioapumanque.cl\/apumanque\/wp-content\/uploads\/2020\/03\/Sugerencias-Taller-de-M\u00fasica-Kinder-Manque-y-Nahuel-SEMANA-3.pdf\" target=\"_blank\" style=\"font-size: 12px;font-weight: normal;color: #000000;border-color: #ffffff;background-color: #cccccc;\" data-hover=\"font-size: 12px;font-weight: normal;color: #333333;border-color: #ffffff;background-color: #e2e2e2;\"><i class=\"fa fa-angle-right\" style=\"font-size: 14px;\"><\/i> TALLER DE M\u00daSICA KINDER<\/a><\/div><\/div><\/div><div id=\"pgc-8102-1-2\"  class=\"panel-grid-cell\" ><div id=\"panel-8102-1-2-0\" class=\"so-panel widget widget_text panel-first-child\" data-index=\"12\" ><h3 class=\"widget-title\">1\u00b0 A 4\u00b0 B\u00c1SICO<\/h3>\t\t\t<div class=\"textwidget\"><\/div>\n\t\t<\/div><div id=\"panel-8102-1-2-1\" class=\"so-panel widget widget_button\" data-index=\"13\" ><div class=\"thim-widget-button thim-widget-button-base\"><a class=\"widget-button  small custom_style\" href=\"http:\/\/colegioapumanque.cl\/apumanque\/wp-content\/uploads\/2020\/03\/1BM-SEMANA-3.pdf\" target=\"_blank\" style=\"font-size: 12px;font-weight: normal;color: #000000;border-color: #ffffff;background-color: #cccccc;\" data-hover=\"font-size: 12px;font-weight: normal;color: #333333;border-color: #ffffff;background-color: #e2e2e2;\"><i class=\"fa fa-angle-right\" style=\"font-size: 14px;\"><\/i> 1\u00ba B\u00c1SICO MANQUE<\/a><\/div><\/div><div id=\"panel-8102-1-2-2\" class=\"so-panel widget widget_button\" data-index=\"14\" ><div class=\"thim-widget-button thim-widget-button-base\"><a class=\"widget-button  small custom_style\" href=\"http:\/\/colegioapumanque.cl\/apumanque\/wp-content\/uploads\/2020\/03\/1BN-SEMANA-3.pdf\" target=\"_blank\" style=\"font-size: 12px;font-weight: normal;color: #000000;border-color: #ffffff;background-color: #cccccc;\" data-hover=\"font-size: 12px;font-weight: normal;color: #333333;border-color: #ffffff;background-color: #e2e2e2;\"><i class=\"fa fa-angle-right\" style=\"font-size: 14px;\"><\/i> 1\u00ba B\u00c1SICO NAHUEL<\/a><\/div><\/div><div id=\"panel-8102-1-2-3\" class=\"so-panel widget widget_button\" data-index=\"15\" ><div class=\"thim-widget-button thim-widget-button-base\"><a class=\"widget-button  small custom_style\" href=\"http:\/\/colegioapumanque.cl\/apumanque\/wp-content\/uploads\/2020\/03\/2BM-SEMANA-3.pdf\" target=\"_blank\" style=\"font-size: 12px;font-weight: normal;color: #000000;border-color: #ffffff;background-color: #cccccc;\" data-hover=\"font-size: 12px;font-weight: normal;color: #333333;border-color: #ffffff;background-color: #e2e2e2;\"><i class=\"fa fa-angle-right\" style=\"font-size: 14px;\"><\/i> 2\u00ba B\u00c1SICO MANQUE<\/a><\/div><\/div><div id=\"panel-8102-1-2-4\" class=\"so-panel widget widget_button\" data-index=\"16\" ><div class=\"thim-widget-button thim-widget-button-base\"><a class=\"widget-button  small custom_style\" href=\"http:\/\/colegioapumanque.cl\/apumanque\/wp-content\/uploads\/2020\/03\/2BN-SEMANA-3.pdf\" target=\"_blank\" style=\"font-size: 12px;font-weight: normal;color: #000000;border-color: #ffffff;background-color: #cccccc;\" data-hover=\"font-size: 12px;font-weight: normal;color: #333333;border-color: #ffffff;background-color: #e2e2e2;\"><i class=\"fa fa-angle-right\" style=\"font-size: 14px;\"><\/i> 2\u00ba B\u00c1SICO NAHUEL<\/a><\/div><\/div><div id=\"panel-8102-1-2-5\" class=\"so-panel widget widget_button\" data-index=\"17\" ><div class=\"thim-widget-button thim-widget-button-base\"><a class=\"widget-button  small custom_style\" href=\"http:\/\/colegioapumanque.cl\/apumanque\/wp-content\/uploads\/2020\/03\/3BM-SEMANA-3.pdf\" target=\"_blank\" style=\"font-size: 12px;font-weight: normal;color: #000000;border-color: #ffffff;background-color: #cccccc;\" data-hover=\"font-size: 12px;font-weight: normal;color: #333333;border-color: #ffffff;background-color: #e2e2e2;\"><i class=\"fa fa-angle-right\" style=\"font-size: 14px;\"><\/i> 3\u00ba B\u00c1SICO MANQUE<\/a><\/div><\/div><div id=\"panel-8102-1-2-6\" class=\"so-panel widget widget_button\" data-index=\"18\" ><div class=\"thim-widget-button thim-widget-button-base\"><a class=\"widget-button  small custom_style\" href=\"http:\/\/colegioapumanque.cl\/apumanque\/wp-content\/uploads\/2020\/03\/3BN-SEMANA-3.pdf\" target=\"_blank\" style=\"font-size: 12px;font-weight: normal;color: #000000;border-color: #ffffff;background-color: #cccccc;\" data-hover=\"font-size: 12px;font-weight: normal;color: #333333;border-color: #ffffff;background-color: #e2e2e2;\"><i class=\"fa fa-angle-right\" style=\"font-size: 14px;\"><\/i> 3\u00ba B\u00c1SICO NAHUEL<\/a><\/div><\/div><div id=\"panel-8102-1-2-7\" class=\"so-panel widget widget_button\" data-index=\"19\" ><div class=\"thim-widget-button thim-widget-button-base\"><a class=\"widget-button  small custom_style\" href=\"http:\/\/colegioapumanque.cl\/apumanque\/wp-content\/uploads\/2020\/03\/4BM-SEMANA-3.pdf\" target=\"_blank\" style=\"font-size: 12px;font-weight: normal;color: #000000;border-color: #ffffff;background-color: #cccccc;\" data-hover=\"font-size: 12px;font-weight: normal;color: #333333;border-color: #ffffff;background-color: #e2e2e2;\"><i class=\"fa fa-angle-right\" style=\"font-size: 14px;\"><\/i> 4\u00ba B\u00c1SICO MANQUE<\/a><\/div><\/div><div id=\"panel-8102-1-2-8\" class=\"so-panel widget widget_button panel-last-child\" data-index=\"20\" ><div class=\"thim-widget-button thim-widget-button-base\"><a class=\"widget-button  small custom_style\" href=\"http:\/\/colegioapumanque.cl\/apumanque\/wp-content\/uploads\/2020\/03\/4BN-SEMANA-3.pdf\" target=\"_blank\" style=\"font-size: 12px;font-weight: normal;color: #000000;border-color: #ffffff;background-color: #cccccc;\" data-hover=\"font-size: 12px;font-weight: normal;color: #333333;border-color: #ffffff;background-color: #e2e2e2;\"><i class=\"fa fa-angle-right\" style=\"font-size: 14px;\"><\/i> 4\u00ba B\u00c1SICO NAHUEL<\/a><\/div><\/div><\/div><div id=\"pgc-8102-1-3\"  class=\"panel-grid-cell\" ><div id=\"panel-8102-1-3-0\" class=\"so-panel widget widget_text panel-first-child\" data-index=\"21\" ><h3 class=\"widget-title\">5\u00b0 A 8\u00b0 B\u00c1SICO<\/h3>\t\t\t<div class=\"textwidget\"><\/div>\n\t\t<\/div><div id=\"panel-8102-1-3-1\" class=\"so-panel widget widget_button\" data-index=\"22\" ><div class=\"thim-widget-button thim-widget-button-base\"><a class=\"widget-button  small custom_style\" href=\"http:\/\/colegioapumanque.cl\/apumanque\/wp-content\/uploads\/2020\/03\/5BM-SEMANA-3.pdf\" target=\"_blank\" style=\"font-size: 12px;font-weight: normal;color: #000000;border-color: #ffffff;background-color: #cccccc;\" data-hover=\"font-size: 12px;font-weight: normal;color: #333333;border-color: #ffffff;background-color: #e2e2e2;\"><i class=\"fa fa-angle-right\" style=\"font-size: 14px;\"><\/i> 5\u00ba B\u00c1SICO MANQUE<\/a><\/div><\/div><div id=\"panel-8102-1-3-2\" class=\"so-panel widget widget_button\" data-index=\"23\" ><div class=\"thim-widget-button thim-widget-button-base\"><a class=\"widget-button  small custom_style\" href=\"http:\/\/colegioapumanque.cl\/apumanque\/wp-content\/uploads\/2020\/03\/5BN-SEMANA-3.pdf\" target=\"_blank\" style=\"font-size: 12px;font-weight: normal;color: #000000;border-color: #ffffff;background-color: #cccccc;\" data-hover=\"font-size: 12px;font-weight: normal;color: #333333;border-color: #ffffff;background-color: #e2e2e2;\"><i class=\"fa fa-angle-right\" style=\"font-size: 14px;\"><\/i> 5\u00ba B\u00c1SICO NAHUEL<\/a><\/div><\/div><div id=\"panel-8102-1-3-3\" class=\"so-panel widget widget_button\" data-index=\"24\" ><div class=\"thim-widget-button thim-widget-button-base\"><a class=\"widget-button  small custom_style\" href=\"http:\/\/colegioapumanque.cl\/apumanque\/wp-content\/uploads\/2020\/03\/6BM-SEMANA-3.pdf\" target=\"_blank\" style=\"font-size: 12px;font-weight: normal;color: #000000;border-color: #ffffff;background-color: #cccccc;\" data-hover=\"font-size: 12px;font-weight: normal;color: #333333;border-color: #ffffff;background-color: #e2e2e2;\"><i class=\"fa fa-angle-right\" style=\"font-size: 14px;\"><\/i> 6\u00ba B\u00c1SICO MANQUE<\/a><\/div><\/div><div id=\"panel-8102-1-3-4\" class=\"so-panel widget widget_button\" data-index=\"25\" ><div class=\"thim-widget-button thim-widget-button-base\"><a class=\"widget-button  small custom_style\" href=\"http:\/\/colegioapumanque.cl\/apumanque\/wp-content\/uploads\/2020\/03\/6BN-SEMANA-3.pdf\" target=\"_blank\" style=\"font-size: 12px;font-weight: normal;color: #000000;border-color: #ffffff;background-color: #cccccc;\" data-hover=\"font-size: 12px;font-weight: normal;color: #333333;border-color: #ffffff;background-color: #e2e2e2;\"><i class=\"fa fa-angle-right\" style=\"font-size: 14px;\"><\/i> 6\u00ba B\u00c1SICO NAHUEL<\/a><\/div><\/div><div id=\"panel-8102-1-3-5\" class=\"so-panel widget widget_button\" data-index=\"26\" ><div class=\"thim-widget-button thim-widget-button-base\"><a class=\"widget-button  small custom_style\" href=\"http:\/\/colegioapumanque.cl\/apumanque\/wp-content\/uploads\/2020\/03\/7BM-SEMANA-3.pdf\" target=\"_blank\" style=\"font-size: 12px;font-weight: normal;color: #000000;border-color: #ffffff;background-color: #cccccc;\" data-hover=\"font-size: 12px;font-weight: normal;color: #333333;border-color: #ffffff;background-color: #e2e2e2;\"><i class=\"fa fa-angle-right\" style=\"font-size: 14px;\"><\/i> 7\u00ba B\u00c1SICO MANQUE<\/a><\/div><\/div><div id=\"panel-8102-1-3-6\" class=\"so-panel widget widget_button\" data-index=\"27\" ><div class=\"thim-widget-button thim-widget-button-base\"><a class=\"widget-button  small custom_style\" href=\"http:\/\/colegioapumanque.cl\/apumanque\/wp-content\/uploads\/2020\/03\/7BN-SEMANA-3.pdf\" target=\"_blank\" style=\"font-size: 12px;font-weight: normal;color: #000000;border-color: #ffffff;background-color: #cccccc;\" data-hover=\"font-size: 12px;font-weight: normal;color: #333333;border-color: #ffffff;background-color: #e2e2e2;\"><i class=\"fa fa-angle-right\" style=\"font-size: 14px;\"><\/i> 7\u00ba B\u00c1SICO NAHUEL<\/a><\/div><\/div><div id=\"panel-8102-1-3-7\" class=\"so-panel widget widget_button\" data-index=\"28\" ><div class=\"thim-widget-button thim-widget-button-base\"><a class=\"widget-button  small custom_style\" href=\"http:\/\/colegioapumanque.cl\/apumanque\/wp-content\/uploads\/2020\/03\/8BM-SEMANA-3.pdf\" target=\"_blank\" style=\"font-size: 12px;font-weight: normal;color: #000000;border-color: #ffffff;background-color: #cccccc;\" data-hover=\"font-size: 12px;font-weight: normal;color: #333333;border-color: #ffffff;background-color: #e2e2e2;\"><i class=\"fa fa-angle-right\" style=\"font-size: 14px;\"><\/i> 8\u00ba B\u00c1SICO MANQUE<\/a><\/div><\/div><div id=\"panel-8102-1-3-8\" class=\"so-panel widget widget_button panel-last-child\" data-index=\"29\" ><div class=\"thim-widget-button thim-widget-button-base\"><a class=\"widget-button  small custom_style\" href=\"http:\/\/colegioapumanque.cl\/apumanque\/wp-content\/uploads\/2020\/03\/8BN-SEMANA-3.pdf\" target=\"_blank\" style=\"font-size: 12px;font-weight: normal;color: #000000;border-color: #ffffff;background-color: #cccccc;\" data-hover=\"font-size: 12px;font-weight: normal;color: #333333;border-color: #ffffff;background-color: #e2e2e2;\"><i class=\"fa fa-angle-right\" style=\"font-size: 14px;\"><\/i> 8\u00ba B\u00c1SICO NAHUEL<\/a><\/div><\/div><\/div><div id=\"pgc-8102-1-4\"  class=\"panel-grid-cell\" ><div id=\"panel-8102-1-4-0\" class=\"so-panel widget widget_text panel-first-child\" data-index=\"30\" ><h3 class=\"widget-title\">1\u00b0 A 4\u00b0 MEDIO<\/h3>\t\t\t<div class=\"textwidget\"><\/div>\n\t\t<\/div><div id=\"panel-8102-1-4-1\" class=\"so-panel widget widget_button\" data-index=\"31\" ><div class=\"thim-widget-button thim-widget-button-base\"><a class=\"widget-button  small custom_style\" href=\"http:\/\/colegioapumanque.cl\/apumanque\/wp-content\/uploads\/2020\/03\/1MM-SEMANA-3.pdf\" target=\"_blank\" style=\"font-size: 12px;font-weight: normal;color: #000000;border-color: #ffffff;background-color: #cccccc;\" data-hover=\"font-size: 12px;font-weight: normal;color: #333333;border-color: #ffffff;background-color: #e2e2e2;\"><i class=\"fa fa-angle-right\" style=\"font-size: 14px;\"><\/i> 1\u00ba MEDIO MANQUE<\/a><\/div><\/div><div id=\"panel-8102-1-4-2\" class=\"so-panel widget widget_button\" data-index=\"32\" ><div class=\"thim-widget-button thim-widget-button-base\"><a class=\"widget-button  small custom_style\" href=\"http:\/\/colegioapumanque.cl\/apumanque\/wp-content\/uploads\/2020\/03\/1MN-SEMANA-3.pdf\" target=\"_blank\" style=\"font-size: 12px;font-weight: normal;color: #000000;border-color: #ffffff;background-color: #cccccc;\" data-hover=\"font-size: 12px;font-weight: normal;color: #333333;border-color: #ffffff;background-color: #e2e2e2;\"><i class=\"fa fa-angle-right\" style=\"font-size: 14px;\"><\/i> 1\u00ba MEDIO NAHUEL<\/a><\/div><\/div><div id=\"panel-8102-1-4-3\" class=\"so-panel widget widget_button\" data-index=\"33\" ><div class=\"thim-widget-button thim-widget-button-base\"><a class=\"widget-button  small custom_style\" href=\"http:\/\/colegioapumanque.cl\/apumanque\/wp-content\/uploads\/2020\/03\/2MM-SEMANA-3.pdf\" target=\"_blank\" style=\"font-size: 12px;font-weight: normal;color: #000000;border-color: #ffffff;background-color: #cccccc;\" data-hover=\"font-size: 12px;font-weight: normal;color: #333333;border-color: #ffffff;background-color: #e2e2e2;\"><i class=\"fa fa-angle-right\" style=\"font-size: 14px;\"><\/i> 2\u00ba MEDIO MANQUE<\/a><\/div><\/div><div id=\"panel-8102-1-4-4\" class=\"so-panel widget widget_button\" data-index=\"34\" ><div class=\"thim-widget-button thim-widget-button-base\"><a class=\"widget-button  small custom_style\" href=\"http:\/\/colegioapumanque.cl\/apumanque\/wp-content\/uploads\/2020\/03\/2MN-SEMANA-3.pdf\" target=\"_blank\" style=\"font-size: 12px;font-weight: normal;color: #000000;border-color: #ffffff;background-color: #cccccc;\" data-hover=\"font-size: 12px;font-weight: normal;color: #333333;border-color: #ffffff;background-color: #e2e2e2;\"><i class=\"fa fa-angle-right\" style=\"font-size: 14px;\"><\/i> 2\u00ba MEDIO NAHUEL<\/a><\/div><\/div><div id=\"panel-8102-1-4-5\" class=\"so-panel widget widget_button\" data-index=\"35\" ><div class=\"thim-widget-button thim-widget-button-base\"><a class=\"widget-button  small custom_style\" href=\"http:\/\/colegioapumanque.cl\/apumanque\/wp-content\/uploads\/2020\/03\/3MM-SEMANA-3.pdf\" target=\"_blank\" style=\"font-size: 12px;font-weight: normal;color: #000000;border-color: #ffffff;background-color: #cccccc;\" data-hover=\"font-size: 12px;font-weight: normal;color: #333333;border-color: #ffffff;background-color: #e2e2e2;\"><i class=\"fa fa-angle-right\" style=\"font-size: 14px;\"><\/i> 3\u00ba MEDIO MANQUE<\/a><\/div><\/div><div id=\"panel-8102-1-4-6\" class=\"so-panel widget widget_button\" data-index=\"36\" ><div class=\"thim-widget-button thim-widget-button-base\"><a class=\"widget-button  small custom_style\" href=\"http:\/\/colegioapumanque.cl\/apumanque\/wp-content\/uploads\/2020\/03\/3MN-SEMANA-3.pdf\" target=\"_blank\" style=\"font-size: 12px;font-weight: normal;color: #000000;border-color: #ffffff;background-color: #cccccc;\" data-hover=\"font-size: 12px;font-weight: normal;color: #333333;border-color: #ffffff;background-color: #e2e2e2;\"><i class=\"fa fa-angle-right\" style=\"font-size: 14px;\"><\/i> 3\u00ba MEDIO NAHUEL<\/a><\/div><\/div><div id=\"panel-8102-1-4-7\" class=\"so-panel widget widget_button\" data-index=\"37\" ><div class=\"thim-widget-button thim-widget-button-base\"><a class=\"widget-button  small custom_style\" href=\"http:\/\/colegioapumanque.cl\/apumanque\/wp-content\/uploads\/2020\/03\/4MM-SEMANA-3.pdf\" target=\"_blank\" style=\"font-size: 12px;font-weight: normal;color: #000000;border-color: #ffffff;background-color: #cccccc;\" data-hover=\"font-size: 12px;font-weight: normal;color: #333333;border-color: #ffffff;background-color: #e2e2e2;\"><i class=\"fa fa-angle-right\" style=\"font-size: 14px;\"><\/i> 4\u00ba MEDIO MANQUE<\/a><\/div><\/div><div id=\"panel-8102-1-4-8\" class=\"so-panel widget widget_button panel-last-child\" data-index=\"38\" ><div class=\"thim-widget-button thim-widget-button-base\"><a class=\"widget-button  small custom_style\" href=\"http:\/\/colegioapumanque.cl\/apumanque\/wp-content\/uploads\/2020\/03\/4MN-SEMANA-3.pdf\" target=\"_blank\" style=\"font-size: 12px;font-weight: normal;color: #000000;border-color: #ffffff;background-color: #cccccc;\" data-hover=\"font-size: 12px;font-weight: normal;color: #333333;border-color: #ffffff;background-color: #e2e2e2;\"><i class=\"fa fa-angle-right\" style=\"font-size: 14px;\"><\/i> 4\u00ba MEDIO NAHUEL<\/a><\/div><\/div><\/div><\/div><\/div><\/div>","protected":false},"excerpt":{"rendered":"<p>SEMANA 3\t\t\t<br \/>\n\t\t30\/03 &#8211; 09\/04PRE-KINDER Y KINDER\t\t\t<br \/>\n\t\t PREKINDER MANQUE PREKINDER NAHUEL KINDER MANQUE KINDER NAHUELANEXOS\t\t\t<br \/>\n\t\t ED. F\u00cdSICA PRE KINDER Y KINDER TALLER DE M\u00daSICA PRE-KINDER TALLER DE M\u00daSICA KINDER1\u00b0 A 4\u00b0 B\u00c1SICO\t\t\t<br \/>\n\t\t 1\u00ba B\u00c1SICO MANQUE 1\u00ba B\u00c1SICO <\/p>\n","protected":false},"author":1,"featured_media":0,"parent":0,"menu_order":0,"comment_status":"closed","ping_status":"closed","template":"","meta":[],"_links":{"self":[{"href":"https:\/\/colegioapumanque.cl\/apumanque\/wp-json\/wp\/v2\/pages\/8102"}],"collection":[{"href":"https:\/\/colegioapumanque.cl\/apumanque\/wp-json\/wp\/v2\/pages"}],"about":[{"href":"https:\/\/colegioapumanque.cl\/apumanque\/wp-json\/wp\/v2\/types\/page"}],"author":[{"embeddable":true,"href":"https:\/\/colegioapumanque.cl\/apumanque\/wp-json\/wp\/v2\/users\/1"}],"replies":[{"embeddable":true,"href":"https:\/\/colegioapumanque.cl\/apumanque\/wp-json\/wp\/v2\/comments?post=8102"}],"version-history":[{"count":9,"href":"https:\/\/colegioapumanque.cl\/apumanque\/wp-json\/wp\/v2\/pages\/8102\/revisions"}],"predecessor-version":[{"id":8177,"href":"https:\/\/colegioapumanque.cl\/apumanque\/wp-json\/wp\/v2\/pages\/8102\/revisions\/8177"}],"wp:attachment":[{"href":"https:\/\/colegioapumanque.cl\/apumanque\/wp-json\/wp\/v2\/media?parent=8102"}],"curies":[{"name":"wp","href":"https:\/\/api.w.org\/{rel}","templated":true}]}}